{"id":356,"date":"2024-08-10T09:23:01","date_gmt":"2024-08-10T09:23:01","guid":{"rendered":"https:\/\/www-tmp.isehangroup.com\/us\/?post_type=product&#038;p=356"},"modified":"2025-08-27T04:01:04","modified_gmt":"2025-08-27T04:01:04","slug":"curl-keep-mascara-base-wp-waterproof","status":"publish","type":"product","link":"https:\/\/www.isehangroup.com\/vn\/product\/curl-keep-mascara-base-wp-waterproof\/","title":{"rendered":"KISSME Heroine Make &#8211; Mascara L\u00f3t N\u1ec1n D\u1ea1ng N\u00e2ng Cao, Gi\u1eef N\u1ebfp Cong, Ch\u1ed1ng Tr\u00f4i, B\u1ec1n B\u1ec9 24h"},"content":{"rendered":"","protected":false},"excerpt":{"rendered":"<p>C\u00e0ng l\u00e0m mascara cong l\u00ean!<br \/>\nL\u1edbp n\u1ec1n mascara gi\u00fap cong h\u01a1n<\/p>\n","protected":false},"featured_media":983,"template":"","meta":{"_acf_changed":false},"product_cat":[19],"product_tag":[24],"product-label":[],"class_list":{"0":"post-356","1":"product","2":"type-product","3":"status-publish","4":"has-post-thumbnail","6":"product_cat-heroinemake","7":"product_tag-mascara","9":"first","10":"instock","11":"shipping-taxable","12":"product-type-variable"},"acf":[],"yoast_head":"<!-- This site is optimized with the Yoast SEO plugin v23.9 - https:\/\/yoast.com\/wordpress\/plugins\/seo\/ -->\n<title>KISSME Heroine Make - Mascara L\u00f3t N\u1ec1n D\u1ea1ng N\u00e2ng Cao, Gi\u1eef N\u1ebfp Cong, Ch\u1ed1ng Tr\u00f4i, B\u1ec1n B\u1ec9 24h - KISSME Vietnam<\/title>\n<meta name=\"description\" content=\"\" \/>\n<meta name=\"robots\" content=\"index, follow, max-snippet:-1, max-image-preview:large, max-video-preview:-1\" \/>\n<link rel=\"canonical\" href=\"https:\/\/www.isehangroup.com\/vn\/product\/curl-keep-mascara-base-wp-waterproof\/\" \/>\n<meta property=\"og:locale\" content=\"en_US\" \/>\n<meta property=\"og:locale:alternate\" content=\"th\" \/>\n<meta property=\"og:locale:alternate\" content=\"us\" \/>\n<meta property=\"og:locale:alternate\" content=\"id\" \/>\n<meta property=\"og:locale:alternate\" content=\"my\" \/>\n<meta property=\"og:locale:alternate\" content=\"en_SG\" \/>\n<meta property=\"og:locale:alternate\" content=\"ph\" \/>\n<meta property=\"og:type\" content=\"article\" \/>\n<meta property=\"og:title\" content=\"KISSME Heroine Make - Mascara L\u00f3t N\u1ec1n D\u1ea1ng N\u00e2ng Cao, Gi\u1eef N\u1ebfp Cong, Ch\u1ed1ng Tr\u00f4i, B\u1ec1n B\u1ec9 24h - KISSME Vietnam\" \/>\n<meta property=\"og:description\" content=\"\" \/>\n<meta property=\"og:url\" content=\"https:\/\/www.isehangroup.com\/vn\/product\/curl-keep-mascara-base-wp-waterproof\/\" \/>\n<meta property=\"og:site_name\" content=\"KISSME Vietnam\" \/>\n<meta property=\"article:modified_time\" content=\"2025-08-27T04:01:04+00:00\" \/>\n<meta property=\"og:image\" content=\"https:\/\/www.isehangroup.com\/wp-content\/uploads\/2024\/08\/mascarabaseWP_01.jpg\" \/>\n\t<meta property=\"og:image:width\" content=\"760\" \/>\n\t<meta property=\"og:image:height\" content=\"760\" \/>\n\t<meta property=\"og:image:type\" content=\"image\/jpeg\" \/>\n<meta name=\"twitter:card\" content=\"summary_large_image\" \/>\n<meta name=\"twitter:label1\" content=\"Est. reading time\" \/>\n\t<meta name=\"twitter:data1\" content=\"1 minute\" \/>\n<script type=\"application\/ld+json\" class=\"yoast-schema-graph\">{\"@context\":\"https:\/\/schema.org\",\"@graph\":[{\"@type\":\"WebPage\",\"@id\":\"https:\/\/www.isehangroup.com\/sg\/product\/curl-keep-mascara-base-wp-waterproof\/\",\"url\":\"https:\/\/www.isehangroup.com\/sg\/product\/curl-keep-mascara-base-wp-waterproof\/\",\"name\":\"KISSME Heroine Make - Mascara L\u00f3t N\u1ec1n D\u1ea1ng N\u00e2ng Cao, Gi\u1eef N\u1ebfp Cong, Ch\u1ed1ng Tr\u00f4i, B\u1ec1n B\u1ec9 24h - KISSME Vietnam\",\"isPartOf\":{\"@id\":\"https:\/\/www.isehangroup.com\/#website\"},\"primaryImageOfPage\":{\"@id\":\"https:\/\/www.isehangroup.com\/sg\/product\/curl-keep-mascara-base-wp-waterproof\/#primaryimage\"},\"image\":{\"@id\":\"https:\/\/www.isehangroup.com\/sg\/product\/curl-keep-mascara-base-wp-waterproof\/#primaryimage\"},\"thumbnailUrl\":\"https:\/\/www.isehangroup.com\/wp-content\/uploads\/2024\/08\/mascarabaseWP_01.jpg\",\"datePublished\":\"2024-08-10T09:23:01+00:00\",\"dateModified\":\"2025-08-27T04:01:04+00:00\",\"description\":\"\",\"breadcrumb\":{\"@id\":\"https:\/\/www.isehangroup.com\/sg\/product\/curl-keep-mascara-base-wp-waterproof\/#breadcrumb\"},\"inLanguage\":\"vn\",\"potentialAction\":[{\"@type\":\"ReadAction\",\"target\":[\"https:\/\/www.isehangroup.com\/sg\/product\/curl-keep-mascara-base-wp-waterproof\/\"]}]},{\"@type\":\"ImageObject\",\"inLanguage\":\"vn\",\"@id\":\"https:\/\/www.isehangroup.com\/sg\/product\/curl-keep-mascara-base-wp-waterproof\/#primaryimage\",\"url\":\"https:\/\/www.isehangroup.com\/wp-content\/uploads\/2024\/08\/mascarabaseWP_01.jpg\",\"contentUrl\":\"https:\/\/www.isehangroup.com\/wp-content\/uploads\/2024\/08\/mascarabaseWP_01.jpg\",\"width\":760,\"height\":760},{\"@type\":\"BreadcrumbList\",\"@id\":\"https:\/\/www.isehangroup.com\/sg\/product\/curl-keep-mascara-base-wp-waterproof\/#breadcrumb\",\"itemListElement\":[{\"@type\":\"ListItem\",\"position\":1,\"name\":\"Shop\",\"item\":\"https:\/\/www.isehangroup.com\/th\/shop\/\"},{\"@type\":\"ListItem\",\"position\":2,\"name\":\"KISSME Heroine Make Curl Keep Mascara Base WP\"}]},{\"@type\":\"WebSite\",\"@id\":\"https:\/\/www.isehangroup.com\/#website\",\"url\":\"https:\/\/www.isehangroup.com\/\",\"name\":\"KISSME Thailand\",\"description\":\"ISEHAN GROUP\",\"publisher\":{\"@id\":\"https:\/\/www.isehangroup.com\/#organization\"},\"potentialAction\":[{\"@type\":\"SearchAction\",\"target\":{\"@type\":\"EntryPoint\",\"urlTemplate\":\"https:\/\/www.isehangroup.com\/?s={search_term_string}\"},\"query-input\":{\"@type\":\"PropertyValueSpecification\",\"valueRequired\":true,\"valueName\":\"search_term_string\"}}],\"inLanguage\":\"vn\"},{\"@type\":\"Organization\",\"@id\":\"https:\/\/www.isehangroup.com\/#organization\",\"name\":\"ISEHAN GROUP\",\"url\":\"https:\/\/www.isehangroup.com\/\",\"logo\":{\"@type\":\"ImageObject\",\"inLanguage\":\"vn\",\"@id\":\"https:\/\/www.isehangroup.com\/#\/schema\/logo\/image\/\",\"url\":\"https:\/\/www.isehangroup.com\/wp-content\/uploads\/2024\/08\/logo-kissme.png\",\"contentUrl\":\"https:\/\/www.isehangroup.com\/wp-content\/uploads\/2024\/08\/logo-kissme.png\",\"width\":243,\"height\":50,\"caption\":\"ISEHAN GROUP\"},\"image\":{\"@id\":\"https:\/\/www.isehangroup.com\/#\/schema\/logo\/image\/\"}}]}<\/script>\n<!-- \/ Yoast SEO plugin. -->","yoast_head_json":{"title":"KISSME Heroine Make - Mascara L\u00f3t N\u1ec1n D\u1ea1ng N\u00e2ng Cao, Gi\u1eef N\u1ebfp Cong, Ch\u1ed1ng Tr\u00f4i, B\u1ec1n B\u1ec9 24h - KISSME Vietnam","description":"[:us]Curl Lasting Mascara Base \"KISSME Heroine Make Curl Keep Mascara Base WP\" No white residue after drying. With just one product, achieve beautifully glossy, naturally curled lashes.[:]","robots":{"index":"index","follow":"follow","max-snippet":"max-snippet:-1","max-image-preview":"max-image-preview:large","max-video-preview":"max-video-preview:-1"},"canonical":"https:\/\/www.isehangroup.com\/vn\/product\/curl-keep-mascara-base-wp-waterproof\/","og_locale":"en_US","og_type":"article","og_title":"[:us]Heroine Make Curl Keep Mascara Base WP - KISSME Vietnam[:vn]KISSME Heroine Make - Mascara L\u00f3t N\u1ec1n D\u1ea1ng N\u00e2ng Cao, Gi\u1eef N\u1ebfp Cong, Ch\u1ed1ng Tr\u00f4i, B\u1ec1n B\u1ec9 24h - KISSME Vietnam[:]","og_description":"[:us]Curl Lasting Mascara Base \"KISSME Heroine Make Curl Keep Mascara Base WP\" No white residue after drying. With just one product, achieve beautifully glossy, naturally curled lashes.[:]","og_url":"https:\/\/www.isehangroup.com\/vn\/product\/curl-keep-mascara-base-wp-waterproof\/","og_site_name":"KISSME Vietnam","article_modified_time":"2025-08-27T04:01:04+00:00","og_image":[{"width":760,"height":760,"url":"https:\/\/www.isehangroup.com\/wp-content\/uploads\/2024\/08\/mascarabaseWP_01.jpg","type":"image\/jpeg"}],"twitter_card":"summary_large_image","twitter_misc":{"Est. reading time":"1 minute"},"schema":{"@context":"https:\/\/schema.org","@graph":[{"@type":"WebPage","@id":"https:\/\/www.isehangroup.com\/sg\/product\/curl-keep-mascara-base-wp-waterproof\/","url":"https:\/\/www.isehangroup.com\/sg\/product\/curl-keep-mascara-base-wp-waterproof\/","name":"KISSME Heroine Make - Mascara L\u00f3t N\u1ec1n D\u1ea1ng N\u00e2ng Cao, Gi\u1eef N\u1ebfp Cong, Ch\u1ed1ng Tr\u00f4i, B\u1ec1n B\u1ec9 24h - KISSME Vietnam","isPartOf":{"@id":"https:\/\/www.isehangroup.com\/#website"},"primaryImageOfPage":{"@id":"https:\/\/www.isehangroup.com\/sg\/product\/curl-keep-mascara-base-wp-waterproof\/#primaryimage"},"image":{"@id":"https:\/\/www.isehangroup.com\/sg\/product\/curl-keep-mascara-base-wp-waterproof\/#primaryimage"},"thumbnailUrl":"https:\/\/www.isehangroup.com\/wp-content\/uploads\/2024\/08\/mascarabaseWP_01.jpg","datePublished":"2024-08-10T09:23:01+00:00","dateModified":"2025-08-27T04:01:04+00:00","description":"","breadcrumb":{"@id":"https:\/\/www.isehangroup.com\/sg\/product\/curl-keep-mascara-base-wp-waterproof\/#breadcrumb"},"inLanguage":"vn","potentialAction":[{"@type":"ReadAction","target":["https:\/\/www.isehangroup.com\/sg\/product\/curl-keep-mascara-base-wp-waterproof\/"]}]},{"@type":"ImageObject","inLanguage":"vn","@id":"https:\/\/www.isehangroup.com\/sg\/product\/curl-keep-mascara-base-wp-waterproof\/#primaryimage","url":"https:\/\/www.isehangroup.com\/wp-content\/uploads\/2024\/08\/mascarabaseWP_01.jpg","contentUrl":"https:\/\/www.isehangroup.com\/wp-content\/uploads\/2024\/08\/mascarabaseWP_01.jpg","width":760,"height":760},{"@type":"BreadcrumbList","@id":"https:\/\/www.isehangroup.com\/sg\/product\/curl-keep-mascara-base-wp-waterproof\/#breadcrumb","itemListElement":[{"@type":"ListItem","position":1,"name":"Shop","item":"https:\/\/www.isehangroup.com\/th\/shop\/"},{"@type":"ListItem","position":2,"name":"KISSME Heroine Make Curl Keep Mascara Base WP"}]},{"@type":"WebSite","@id":"https:\/\/www.isehangroup.com\/#website","url":"https:\/\/www.isehangroup.com\/","name":"KISSME Thailand","description":"ISEHAN GROUP","publisher":{"@id":"https:\/\/www.isehangroup.com\/#organization"},"potentialAction":[{"@type":"SearchAction","target":{"@type":"EntryPoint","urlTemplate":"https:\/\/www.isehangroup.com\/?s={search_term_string}"},"query-input":{"@type":"PropertyValueSpecification","valueRequired":true,"valueName":"search_term_string"}}],"inLanguage":"vn"},{"@type":"Organization","@id":"https:\/\/www.isehangroup.com\/#organization","name":"ISEHAN GROUP","url":"https:\/\/www.isehangroup.com\/","logo":{"@type":"ImageObject","inLanguage":"vn","@id":"https:\/\/www.isehangroup.com\/#\/schema\/logo\/image\/","url":"https:\/\/www.isehangroup.com\/wp-content\/uploads\/2024\/08\/logo-kissme.png","contentUrl":"https:\/\/www.isehangroup.com\/wp-content\/uploads\/2024\/08\/logo-kissme.png","width":243,"height":50,"caption":"ISEHAN GROUP"},"image":{"@id":"https:\/\/www.isehangroup.com\/#\/schema\/logo\/image\/"}}]}},"_links":{"self":[{"href":"https:\/\/www.isehangroup.com\/vn\/wp-json\/wp\/v2\/product\/356"}],"collection":[{"href":"https:\/\/www.isehangroup.com\/vn\/wp-json\/wp\/v2\/product"}],"about":[{"href":"https:\/\/www.isehangroup.com\/vn\/wp-json\/wp\/v2\/types\/product"}],"wp:featuredmedia":[{"embeddable":true,"href":"https:\/\/www.isehangroup.com\/vn\/wp-json\/wp\/v2\/media\/983"}],"wp:attachment":[{"href":"https:\/\/www.isehangroup.com\/vn\/wp-json\/wp\/v2\/media?parent=356"}],"wp:term":[{"taxonomy":"product_cat","embeddable":true,"href":"https:\/\/www.isehangroup.com\/vn\/wp-json\/wp\/v2\/product_cat?post=356"},{"taxonomy":"product_tag","embeddable":true,"href":"https:\/\/www.isehangroup.com\/vn\/wp-json\/wp\/v2\/product_tag?post=356"},{"taxonomy":"product-label","embeddable":true,"href":"https:\/\/www.isehangroup.com\/vn\/wp-json\/wp\/v2\/product-label?post=356"}],"curies":[{"name":"wp","href":"https:\/\/api.w.org\/{rel}","templated":true}]}}