{"id":1082,"date":"2024-11-29T07:40:49","date_gmt":"2024-11-29T07:40:49","guid":{"rendered":"https:\/\/www.isehangroup.com\/vn\/?post_type=product&#038;p=1082"},"modified":"2024-12-23T05:18:20","modified_gmt":"2024-12-23T05:18:20","slug":"tint-liquid-eyebrow","status":"publish","type":"product","link":"https:\/\/www.isehangroup.com\/vn\/product\/tint-liquid-eyebrow\/","title":{"rendered":"B\u00fat N\u01b0\u1edbc K\u1ebb L\u00f4ng M\u00e0y KISSME Si\u00eau B\u1ec1n Trong 24h Si\u00eau Ch\u1ed1ng Th\u1ea5m N\u01b0\u1edbc &#8211; N\u00e9t V\u1ebd Si\u00eau M\u1ecbn"},"content":{"rendered":"","protected":false},"excerpt":{"rendered":"<p>Nhu\u1ed9m d\u1ecbu nh\u1eb9 l\u00ean b\u1ec1 m\u1eb7t da, gi\u1eef m\u00e0u \u0111\u1eb9p su\u1ed1t nhi\u1ec1u gi\u1edd.<br \/>\n\u203b S\u1ea3n ph\u1ea9m s\u1eed d\u1ee5ng ph\u1ea9m m\u00e0u, kh\u00f4ng d\u00f9ng \u0111\u1ec3 nhu\u1ed9m l\u00f4ng m\u00e0y.<\/p>\n","protected":false},"featured_media":1089,"template":"","meta":{"_acf_changed":false},"product_cat":[21],"product_tag":[27],"product-label":[],"class_list":{"0":"post-1082","1":"product","2":"type-product","3":"status-publish","4":"has-post-thumbnail","6":"product_cat-heavyrotation","7":"product_tag-eyebrow","9":"first","10":"instock","11":"shipping-taxable","12":"product-type-variable"},"acf":[],"yoast_head":"<!-- This site is optimized with the Yoast SEO plugin v23.9 - https:\/\/yoast.com\/wordpress\/plugins\/seo\/ -->\n<title>B\u00fat N\u01b0\u1edbc K\u1ebb L\u00f4ng M\u00e0y KISSME Si\u00eau B\u1ec1n Trong 24h Si\u00eau Ch\u1ed1ng Th\u1ea5m N\u01b0\u1edbc - N\u00e9t V\u1ebd Si\u00eau M\u1ecbn - KISSME Vietnam<\/title>\n<meta name=\"robots\" content=\"index, follow, max-snippet:-1, max-image-preview:large, max-video-preview:-1\" \/>\n<link rel=\"canonical\" href=\"https:\/\/www.isehangroup.com\/vn\/product\/tint-liquid-eyebrow\/\" \/>\n<meta property=\"og:locale\" content=\"en_US\" \/>\n<meta property=\"og:locale:alternate\" content=\"th\" \/>\n<meta property=\"og:locale:alternate\" content=\"us\" \/>\n<meta property=\"og:locale:alternate\" content=\"id\" \/>\n<meta property=\"og:locale:alternate\" content=\"my\" \/>\n<meta property=\"og:locale:alternate\" content=\"en_SG\" \/>\n<meta property=\"og:locale:alternate\" content=\"ph\" \/>\n<meta property=\"og:type\" content=\"article\" \/>\n<meta property=\"og:title\" content=\"B\u00fat N\u01b0\u1edbc K\u1ebb L\u00f4ng M\u00e0y KISSME Si\u00eau B\u1ec1n Trong 24h Si\u00eau Ch\u1ed1ng Th\u1ea5m N\u01b0\u1edbc - N\u00e9t V\u1ebd Si\u00eau M\u1ecbn - KISSME Vietnam\" \/>\n<meta property=\"og:description\" content=\"Nhu\u1ed9m d\u1ecbu nh\u1eb9 l\u00ean b\u1ec1 m\u1eb7t da, gi\u1eef m\u00e0u \u0111\u1eb9p su\u1ed1t nhi\u1ec1u gi\u1edd. \u203b S\u1ea3n ph\u1ea9m s\u1eed d\u1ee5ng ph\u1ea9m m\u00e0u, kh\u00f4ng d\u00f9ng \u0111\u1ec3 nhu\u1ed9m l\u00f4ng m\u00e0y.\" \/>\n<meta property=\"og:url\" content=\"https:\/\/www.isehangroup.com\/vn\/product\/tint-liquid-eyebrow\/\" \/>\n<meta property=\"og:site_name\" content=\"KISSME Vietnam\" \/>\n<meta property=\"article:modified_time\" content=\"2024-12-23T05:18:20+00:00\" \/>\n<meta property=\"og:image\" content=\"https:\/\/www.isehangroup.com\/wp-content\/uploads\/2024\/11\/hr-04-01w-1.jpg\" \/>\n\t<meta property=\"og:image:width\" content=\"760\" \/>\n\t<meta property=\"og:image:height\" content=\"760\" \/>\n\t<meta property=\"og:image:type\" content=\"image\/jpeg\" \/>\n<meta name=\"twitter:card\" content=\"summary_large_image\" \/>\n<meta name=\"twitter:label1\" content=\"Est. reading time\" \/>\n\t<meta name=\"twitter:data1\" content=\"1 minute\" \/>\n<script type=\"application\/ld+json\" class=\"yoast-schema-graph\">{\"@context\":\"https:\/\/schema.org\",\"@graph\":[{\"@type\":\"WebPage\",\"@id\":\"https:\/\/www.isehangroup.com\/sg\/product\/tint-liquid-eyebrow\/\",\"url\":\"https:\/\/www.isehangroup.com\/sg\/product\/tint-liquid-eyebrow\/\",\"name\":\"B\u00fat N\u01b0\u1edbc K\u1ebb L\u00f4ng M\u00e0y KISSME Si\u00eau B\u1ec1n Trong 24h Si\u00eau Ch\u1ed1ng Th\u1ea5m N\u01b0\u1edbc - N\u00e9t V\u1ebd Si\u00eau M\u1ecbn - KISSME Vietnam\",\"isPartOf\":{\"@id\":\"https:\/\/www.isehangroup.com\/#website\"},\"primaryImageOfPage\":{\"@id\":\"https:\/\/www.isehangroup.com\/sg\/product\/tint-liquid-eyebrow\/#primaryimage\"},\"image\":{\"@id\":\"https:\/\/www.isehangroup.com\/sg\/product\/tint-liquid-eyebrow\/#primaryimage\"},\"thumbnailUrl\":\"https:\/\/www.isehangroup.com\/wp-content\/uploads\/2024\/11\/hr-04-01w-1.jpg\",\"datePublished\":\"2024-11-29T07:40:49+00:00\",\"dateModified\":\"2024-12-23T05:18:20+00:00\",\"breadcrumb\":{\"@id\":\"https:\/\/www.isehangroup.com\/sg\/product\/tint-liquid-eyebrow\/#breadcrumb\"},\"inLanguage\":\"vn\",\"potentialAction\":[{\"@type\":\"ReadAction\",\"target\":[\"https:\/\/www.isehangroup.com\/sg\/product\/tint-liquid-eyebrow\/\"]}]},{\"@type\":\"ImageObject\",\"inLanguage\":\"vn\",\"@id\":\"https:\/\/www.isehangroup.com\/sg\/product\/tint-liquid-eyebrow\/#primaryimage\",\"url\":\"https:\/\/www.isehangroup.com\/wp-content\/uploads\/2024\/11\/hr-04-01w-1.jpg\",\"contentUrl\":\"https:\/\/www.isehangroup.com\/wp-content\/uploads\/2024\/11\/hr-04-01w-1.jpg\",\"width\":760,\"height\":760},{\"@type\":\"BreadcrumbList\",\"@id\":\"https:\/\/www.isehangroup.com\/sg\/product\/tint-liquid-eyebrow\/#breadcrumb\",\"itemListElement\":[{\"@type\":\"ListItem\",\"position\":1,\"name\":\"Shop\",\"item\":\"https:\/\/www.isehangroup.com\/th\/shop\/\"},{\"@type\":\"ListItem\",\"position\":2,\"name\":\"B\u00fat N\u01b0\u1edbc K\u1ebb L\u00f4ng M\u00e0y KISSME Si\u00eau B\u1ec1n Trong 24h Si\u00eau Ch\u1ed1ng Th\u1ea5m N\u01b0\u1edbc &#8211; N\u00e9t V\u1ebd Si\u00eau M\u1ecbn\"}]},{\"@type\":\"WebSite\",\"@id\":\"https:\/\/www.isehangroup.com\/#website\",\"url\":\"https:\/\/www.isehangroup.com\/\",\"name\":\"KISSME Thailand\",\"description\":\"ISEHAN GROUP\",\"publisher\":{\"@id\":\"https:\/\/www.isehangroup.com\/#organization\"},\"potentialAction\":[{\"@type\":\"SearchAction\",\"target\":{\"@type\":\"EntryPoint\",\"urlTemplate\":\"https:\/\/www.isehangroup.com\/?s={search_term_string}\"},\"query-input\":{\"@type\":\"PropertyValueSpecification\",\"valueRequired\":true,\"valueName\":\"search_term_string\"}}],\"inLanguage\":\"vn\"},{\"@type\":\"Organization\",\"@id\":\"https:\/\/www.isehangroup.com\/#organization\",\"name\":\"ISEHAN GROUP\",\"url\":\"https:\/\/www.isehangroup.com\/\",\"logo\":{\"@type\":\"ImageObject\",\"inLanguage\":\"vn\",\"@id\":\"https:\/\/www.isehangroup.com\/#\/schema\/logo\/image\/\",\"url\":\"https:\/\/www.isehangroup.com\/wp-content\/uploads\/2024\/08\/logo-kissme.png\",\"contentUrl\":\"https:\/\/www.isehangroup.com\/wp-content\/uploads\/2024\/08\/logo-kissme.png\",\"width\":243,\"height\":50,\"caption\":\"ISEHAN GROUP\"},\"image\":{\"@id\":\"https:\/\/www.isehangroup.com\/#\/schema\/logo\/image\/\"}}]}<\/script>\n<!-- \/ Yoast SEO plugin. -->","yoast_head_json":{"title":"B\u00fat N\u01b0\u1edbc K\u1ebb L\u00f4ng M\u00e0y KISSME Si\u00eau B\u1ec1n Trong 24h Si\u00eau Ch\u1ed1ng Th\u1ea5m N\u01b0\u1edbc - N\u00e9t V\u1ebd Si\u00eau M\u1ecbn - KISSME Vietnam","robots":{"index":"index","follow":"follow","max-snippet":"max-snippet:-1","max-image-preview":"max-image-preview:large","max-video-preview":"max-video-preview:-1"},"canonical":"https:\/\/www.isehangroup.com\/vn\/product\/tint-liquid-eyebrow\/","og_locale":"en_US","og_type":"article","og_title":"[:vn]B\u00fat N\u01b0\u1edbc K\u1ebb L\u00f4ng M\u00e0y KISSME Si\u00eau B\u1ec1n Trong 24h Si\u00eau Ch\u1ed1ng Th\u1ea5m N\u01b0\u1edbc - N\u00e9t V\u1ebd Si\u00eau M\u1ecbn - KISSME Vietnam[:]","og_description":"Nhu\u1ed9m d\u1ecbu nh\u1eb9 l\u00ean b\u1ec1 m\u1eb7t da, gi\u1eef m\u00e0u \u0111\u1eb9p su\u1ed1t nhi\u1ec1u gi\u1edd. \u203b S\u1ea3n ph\u1ea9m s\u1eed d\u1ee5ng ph\u1ea9m m\u00e0u, kh\u00f4ng d\u00f9ng \u0111\u1ec3 nhu\u1ed9m l\u00f4ng m\u00e0y.","og_url":"https:\/\/www.isehangroup.com\/vn\/product\/tint-liquid-eyebrow\/","og_site_name":"KISSME Vietnam","article_modified_time":"2024-12-23T05:18:20+00:00","og_image":[{"width":760,"height":760,"url":"https:\/\/www.isehangroup.com\/wp-content\/uploads\/2024\/11\/hr-04-01w-1.jpg","type":"image\/jpeg"}],"twitter_card":"summary_large_image","twitter_misc":{"Est. reading time":"1 minute"},"schema":{"@context":"https:\/\/schema.org","@graph":[{"@type":"WebPage","@id":"https:\/\/www.isehangroup.com\/sg\/product\/tint-liquid-eyebrow\/","url":"https:\/\/www.isehangroup.com\/sg\/product\/tint-liquid-eyebrow\/","name":"B\u00fat N\u01b0\u1edbc K\u1ebb L\u00f4ng M\u00e0y KISSME Si\u00eau B\u1ec1n Trong 24h Si\u00eau Ch\u1ed1ng Th\u1ea5m N\u01b0\u1edbc - N\u00e9t V\u1ebd Si\u00eau M\u1ecbn - KISSME Vietnam","isPartOf":{"@id":"https:\/\/www.isehangroup.com\/#website"},"primaryImageOfPage":{"@id":"https:\/\/www.isehangroup.com\/sg\/product\/tint-liquid-eyebrow\/#primaryimage"},"image":{"@id":"https:\/\/www.isehangroup.com\/sg\/product\/tint-liquid-eyebrow\/#primaryimage"},"thumbnailUrl":"https:\/\/www.isehangroup.com\/wp-content\/uploads\/2024\/11\/hr-04-01w-1.jpg","datePublished":"2024-11-29T07:40:49+00:00","dateModified":"2024-12-23T05:18:20+00:00","breadcrumb":{"@id":"https:\/\/www.isehangroup.com\/sg\/product\/tint-liquid-eyebrow\/#breadcrumb"},"inLanguage":"vn","potentialAction":[{"@type":"ReadAction","target":["https:\/\/www.isehangroup.com\/sg\/product\/tint-liquid-eyebrow\/"]}]},{"@type":"ImageObject","inLanguage":"vn","@id":"https:\/\/www.isehangroup.com\/sg\/product\/tint-liquid-eyebrow\/#primaryimage","url":"https:\/\/www.isehangroup.com\/wp-content\/uploads\/2024\/11\/hr-04-01w-1.jpg","contentUrl":"https:\/\/www.isehangroup.com\/wp-content\/uploads\/2024\/11\/hr-04-01w-1.jpg","width":760,"height":760},{"@type":"BreadcrumbList","@id":"https:\/\/www.isehangroup.com\/sg\/product\/tint-liquid-eyebrow\/#breadcrumb","itemListElement":[{"@type":"ListItem","position":1,"name":"Shop","item":"https:\/\/www.isehangroup.com\/th\/shop\/"},{"@type":"ListItem","position":2,"name":"B\u00fat N\u01b0\u1edbc K\u1ebb L\u00f4ng M\u00e0y KISSME Si\u00eau B\u1ec1n Trong 24h Si\u00eau Ch\u1ed1ng Th\u1ea5m N\u01b0\u1edbc &#8211; N\u00e9t V\u1ebd Si\u00eau M\u1ecbn"}]},{"@type":"WebSite","@id":"https:\/\/www.isehangroup.com\/#website","url":"https:\/\/www.isehangroup.com\/","name":"KISSME Thailand","description":"ISEHAN GROUP","publisher":{"@id":"https:\/\/www.isehangroup.com\/#organization"},"potentialAction":[{"@type":"SearchAction","target":{"@type":"EntryPoint","urlTemplate":"https:\/\/www.isehangroup.com\/?s={search_term_string}"},"query-input":{"@type":"PropertyValueSpecification","valueRequired":true,"valueName":"search_term_string"}}],"inLanguage":"vn"},{"@type":"Organization","@id":"https:\/\/www.isehangroup.com\/#organization","name":"ISEHAN GROUP","url":"https:\/\/www.isehangroup.com\/","logo":{"@type":"ImageObject","inLanguage":"vn","@id":"https:\/\/www.isehangroup.com\/#\/schema\/logo\/image\/","url":"https:\/\/www.isehangroup.com\/wp-content\/uploads\/2024\/08\/logo-kissme.png","contentUrl":"https:\/\/www.isehangroup.com\/wp-content\/uploads\/2024\/08\/logo-kissme.png","width":243,"height":50,"caption":"ISEHAN GROUP"},"image":{"@id":"https:\/\/www.isehangroup.com\/#\/schema\/logo\/image\/"}}]}},"_links":{"self":[{"href":"https:\/\/www.isehangroup.com\/vn\/wp-json\/wp\/v2\/product\/1082"}],"collection":[{"href":"https:\/\/www.isehangroup.com\/vn\/wp-json\/wp\/v2\/product"}],"about":[{"href":"https:\/\/www.isehangroup.com\/vn\/wp-json\/wp\/v2\/types\/product"}],"wp:featuredmedia":[{"embeddable":true,"href":"https:\/\/www.isehangroup.com\/vn\/wp-json\/wp\/v2\/media\/1089"}],"wp:attachment":[{"href":"https:\/\/www.isehangroup.com\/vn\/wp-json\/wp\/v2\/media?parent=1082"}],"wp:term":[{"taxonomy":"product_cat","embeddable":true,"href":"https:\/\/www.isehangroup.com\/vn\/wp-json\/wp\/v2\/product_cat?post=1082"},{"taxonomy":"product_tag","embeddable":true,"href":"https:\/\/www.isehangroup.com\/vn\/wp-json\/wp\/v2\/product_tag?post=1082"},{"taxonomy":"product-label","embeddable":true,"href":"https:\/\/www.isehangroup.com\/vn\/wp-json\/wp\/v2\/product-label?post=1082"}],"curies":[{"name":"wp","href":"https:\/\/api.w.org\/{rel}","templated":true}]}}