{"id":57,"date":"2024-07-17T04:30:45","date_gmt":"2024-07-17T04:30:45","guid":{"rendered":"https:\/\/www-tmp.isehangroup.com\/?page_id=57"},"modified":"2025-09-02T08:05:11","modified_gmt":"2025-09-02T08:05:11","slug":"company","status":"publish","type":"page","link":"https:\/\/www.isehangroup.com\/vn\/company\/","title":{"rendered":"TH\u00d4NG TIN C\u00d4NG TY"},"content":{"rendered":"<h2 style=\"margin-top: 7vw;\"><span style=\"font-size: 65%; font-weight: 400;\">Official Distributor<\/span><br \/>\nHoa Phuc Trade Service Co., Ltd.<\/h2>\n<table class=\"table table-company\">\n<tbody>\n<tr>\n<th style=\"font-weight: 400;color: #828282;\">T\u00ean th\u01b0\u01a1ng m\u1ea1i<\/th>\n<td>Hoa Phuc Trade Service Co., Ltd.<\/td>\n<\/tr>\n<tr>\n<th style=\"font-weight: 400; color: #828282;\">Th\u00e0nh l\u1eadp<\/th>\n<td>H\u01a0N 10 N\u0102M<\/td>\n<\/tr>\n<tr>\n<th style=\"font-weight: 400;color: #828282;\">S\u1ed1 l\u01b0\u1ee3ng v\u1ed1n<\/th>\n<td>70,000,000,000 VND<\/td>\n<\/tr>\n<tr>\n<th style=\"font-weight: 400;color: #828282;\">V\u1ecb tr\u00ed<\/th>\n<td>337\/29D Le Van Sy, Tan Son Hoa Ward, Ho Chi Minh City<\/p>\n<p>SHOWROOM\uff1a111 Ly Thanh Tong, Tan Thoi Hoa Ward ,Tan Phu District, Ho Chi Minh City<\/td>\n<\/tr>\n<tr>\n<th style=\"font-weight: 400;color: #828282;\">S\u1ed1 \u0111i\u1ec7n tho\u1ea1i<\/th>\n<td>0909595293<\/td>\n<\/tr>\n<tr>\n<th style=\"font-weight: 400;color: #828282;\">URL<\/th>\n<td><a href=\"http:\/\/www.hp-beautycare.com\/\" target=\"_blank\" rel=\"noopener\">http:\/\/www.hp-beautycare.com\/<\/a><\/td>\n<\/tr>\n<tr>\n<th style=\"font-weight: 400;color: #828282;\">Ti\u00eau bi\u1ec3u<\/th>\n<td>PHAN TUYET HOA<\/td>\n<\/tr>\n<tr>\n<th style=\"font-weight: 400;color: #828282;\">S\u1ed1 l\u01b0\u1ee3ng nh\u00e2n vi\u00ean<\/th>\n<td>50 NH\u00c2N VI\u00caN CH\u00cdNH TH\u1ee8C + 30 NH\u00c2N VI\u00caN TH\u1edcI V\u1ee4<\/td>\n<\/tr>\n<tr>\n<th style=\"font-weight: 400;color: #828282;\">Chi ti\u1ebft doanh nghi\u1ec7p<\/th>\n<td>M\u1ef8 PH\u1ea8M , C\u00c1C M\u1eb6T H\u00c0NG D\u1ee4NG C\u1ee4 L\u00c0M \u0110\u1eb8P<\/td>\n<\/tr>\n<tr>\n<th style=\"font-weight: 400;color: #828282;\">Ch\u00ednh s\u00e1ch doanh nghi\u1ec7p<\/th>\n<td>V\u1edbi m\u1ee5c ti\u00eau \u0111em \u0111\u1ebfn cho kh\u00e1ch h\u00e0ng nh\u1eefng s\u1ea3n ph\u1ea9m ch\u00ednh h\u00e3ng , ch\u1ea5t l\u01b0\u1ee3ng , gi\u00e1 c\u1ea3 ph\u00f9 h\u1ee3p. Ch\u00fang t\u00f4i lu\u00f4n c\u1ed1 g\u1eafng v\u00e0 n\u1ed5 l\u1ef1c \u0111\u1ec3 th\u1ef1c hi\u1ec7n s\u1ee9 m\u1ec7nh mang \u0111\u1ebfn &#8220;S\u1eaeC \u0110\u1eb8P KH\u00d4NG GI\u1edaI H\u1ea0N&#8221;<\/td>\n<\/tr>\n<tr>\n<th style=\"font-weight: 400;color: #828282;\">B\u1ea3n \u0111\u1ed3<\/th>\n<td><iframe loading=\"lazy\" style=\"border: 0;\" src=\"https:\/\/www.google.com\/maps\/embed?pb=!1m18!1m12!1m3!1d3919.2166232734917!2d106.66538729999999!3d10.794714200000001!2m3!1f0!2f0!3f0!3m2!1i1024!2i768!4f13.1!3m3!1m2!1s0x3175292d91a3b9bb%3A0xc4d55db9e66684b5!2zMzM3LzI5IMSQLiBMw6ogVsSDbiBT4bu5LCBQaMaw4budbmcgMSwgVMOibiBCw6xuaCwgSOG7kyBDaMOtIE1pbmgsIFZpZXRuYW0!5e0!3m2!1sen!2sth!4v1732867103348!5m2!1sen!2sth\" width=\"100%\" height=\"450\" allowfullscreen=\"allowfullscreen\"><\/iframe><\/td>\n<\/tr>\n<\/tbody>\n<\/table>\n","protected":false},"excerpt":{"rendered":"<p>Official Distributor Hoa Phuc Trade Service Co., Ltd. T\u00ean th\u01b0\u01a1ng m\u1ea1i Hoa Phuc Trade Service Co., Ltd. Th\u00e0nh l\u1eadp H\u01a0N 10 N\u0102M S\u1ed1 l\u01b0\u1ee3ng v\u1ed1n 70,000,000,000 VND V\u1ecb tr\u00ed 337\/29D Le Van Sy, Tan Son Hoa Ward, Ho Chi Minh City SHOWROOM\uff1a111 Ly Thanh Tong, Tan Thoi Hoa Ward ,Tan Phu District, Ho Chi Minh [&hellip;]<\/p>\n","protected":false},"author":2,"featured_media":0,"parent":0,"menu_order":0,"comment_status":"closed","ping_status":"closed","template":"","meta":{"_acf_changed":false,"footnotes":""},"class_list":["post-57","page","type-page","status-publish","hentry"],"acf":[],"yoast_head":"<!-- This site is optimized with the Yoast SEO plugin v23.9 - https:\/\/yoast.com\/wordpress\/plugins\/seo\/ -->\n<title>TH\u00d4NG TIN C\u00d4NG TY<\/title>\n<meta name=\"robots\" content=\"index, follow, max-snippet:-1, max-image-preview:large, max-video-preview:-1\" \/>\n<link rel=\"canonical\" href=\"https:\/\/www.isehangroup.com\/vn\/company\/\" \/>\n<meta property=\"og:locale\" content=\"en_US\" \/>\n<meta property=\"og:locale:alternate\" content=\"th\" \/>\n<meta property=\"og:locale:alternate\" content=\"us\" \/>\n<meta property=\"og:locale:alternate\" content=\"id\" \/>\n<meta property=\"og:locale:alternate\" content=\"my\" \/>\n<meta property=\"og:locale:alternate\" content=\"en_SG\" \/>\n<meta property=\"og:locale:alternate\" content=\"ph\" \/>\n<meta property=\"og:type\" content=\"article\" \/>\n<meta property=\"og:title\" content=\"TH\u00d4NG TIN C\u00d4NG TY\" \/>\n<meta property=\"og:description\" content=\"Official Distributor Hoa Phuc Trade Service Co., Ltd. T\u00ean th\u01b0\u01a1ng m\u1ea1i Hoa Phuc Trade Service Co., Ltd. Th\u00e0nh l\u1eadp H\u01a0N 10 N\u0102M S\u1ed1 l\u01b0\u1ee3ng v\u1ed1n 70,000,000,000 VND V\u1ecb tr\u00ed 337\/29D Le Van Sy, Tan Son Hoa Ward, Ho Chi Minh City SHOWROOM\uff1a111 Ly Thanh Tong, Tan Thoi Hoa Ward ,Tan Phu District, Ho Chi Minh [&hellip;]\" \/>\n<meta property=\"og:url\" content=\"https:\/\/www.isehangroup.com\/vn\/company\/\" \/>\n<meta property=\"og:site_name\" content=\"KISSME Vietnam\" \/>\n<meta property=\"article:modified_time\" content=\"2025-09-02T08:05:11+00:00\" \/>\n<meta property=\"og:image\" content=\"https:\/\/www.isehangroup.com\/wp-content\/uploads\/2024\/08\/thailand-office.jpg\" \/>\n<meta name=\"twitter:card\" content=\"summary_large_image\" \/>\n<meta name=\"twitter:label1\" content=\"Est. reading time\" \/>\n\t<meta name=\"twitter:data1\" content=\"1 minute\" \/>\n<script type=\"application\/ld+json\" class=\"yoast-schema-graph\">{\"@context\":\"https:\/\/schema.org\",\"@graph\":[{\"@type\":\"WebPage\",\"@id\":\"https:\/\/www.isehangroup.com\/ph\/company\/\",\"url\":\"https:\/\/www.isehangroup.com\/ph\/company\/\",\"name\":\"TH\u00d4NG TIN C\u00d4NG TY\",\"isPartOf\":{\"@id\":\"https:\/\/www.isehangroup.com\/#website\"},\"primaryImageOfPage\":{\"@id\":\"https:\/\/www.isehangroup.com\/ph\/company\/#primaryimage\"},\"image\":{\"@id\":\"https:\/\/www.isehangroup.com\/ph\/company\/#primaryimage\"},\"thumbnailUrl\":\"https:\/\/www.isehangroup.com\/wp-content\/uploads\/2024\/08\/thailand-office.jpg\",\"datePublished\":\"2024-07-17T04:30:45+00:00\",\"dateModified\":\"2025-09-02T08:05:11+00:00\",\"inLanguage\":\"vn\",\"potentialAction\":[{\"@type\":\"ReadAction\",\"target\":[\"https:\/\/www.isehangroup.com\/ph\/company\/\"]}]},{\"@type\":\"ImageObject\",\"inLanguage\":\"vn\",\"@id\":\"https:\/\/www.isehangroup.com\/ph\/company\/#primaryimage\",\"url\":\"https:\/\/www.isehangroup.com\/wp-content\/uploads\/2024\/08\/thailand-office.jpg\",\"contentUrl\":\"https:\/\/www.isehangroup.com\/wp-content\/uploads\/2024\/08\/thailand-office.jpg\"},{\"@type\":\"WebSite\",\"@id\":\"https:\/\/www.isehangroup.com\/#website\",\"url\":\"https:\/\/www.isehangroup.com\/\",\"name\":\"KISSME Thailand\",\"description\":\"ISEHAN GROUP\",\"publisher\":{\"@id\":\"https:\/\/www.isehangroup.com\/#organization\"},\"potentialAction\":[{\"@type\":\"SearchAction\",\"target\":{\"@type\":\"EntryPoint\",\"urlTemplate\":\"https:\/\/www.isehangroup.com\/?s={search_term_string}\"},\"query-input\":{\"@type\":\"PropertyValueSpecification\",\"valueRequired\":true,\"valueName\":\"search_term_string\"}}],\"inLanguage\":\"vn\"},{\"@type\":\"Organization\",\"@id\":\"https:\/\/www.isehangroup.com\/#organization\",\"name\":\"ISEHAN GROUP\",\"url\":\"https:\/\/www.isehangroup.com\/\",\"logo\":{\"@type\":\"ImageObject\",\"inLanguage\":\"vn\",\"@id\":\"https:\/\/www.isehangroup.com\/#\/schema\/logo\/image\/\",\"url\":\"https:\/\/www.isehangroup.com\/wp-content\/uploads\/2024\/08\/logo-kissme.png\",\"contentUrl\":\"https:\/\/www.isehangroup.com\/wp-content\/uploads\/2024\/08\/logo-kissme.png\",\"width\":243,\"height\":50,\"caption\":\"ISEHAN GROUP\"},\"image\":{\"@id\":\"https:\/\/www.isehangroup.com\/#\/schema\/logo\/image\/\"}}]}<\/script>\n<!-- \/ Yoast SEO plugin. -->","yoast_head_json":{"title":"TH\u00d4NG TIN C\u00d4NG TY","robots":{"index":"index","follow":"follow","max-snippet":"max-snippet:-1","max-image-preview":"max-image-preview:large","max-video-preview":"max-video-preview:-1"},"canonical":"https:\/\/www.isehangroup.com\/vn\/company\/","og_locale":"en_US","og_type":"article","og_title":"[:th]\u0e02\u0e49\u0e2d\u0e21\u0e39\u0e25\u0e1a\u0e23\u0e34\u0e29\u0e31\u0e17[:us]COMPANY[:vn]TH\u00d4NG TIN C\u00d4NG TY[:id]PERUSAHAAN[:my]COMPANY[:sg]COMPANY[:ph]COMPANY[:] - KISSME Vietnam","og_description":"Official Distributor Hoa Phuc Trade Service Co., Ltd. T\u00ean th\u01b0\u01a1ng m\u1ea1i Hoa Phuc Trade Service Co., Ltd. Th\u00e0nh l\u1eadp H\u01a0N 10 N\u0102M S\u1ed1 l\u01b0\u1ee3ng v\u1ed1n 70,000,000,000 VND V\u1ecb tr\u00ed 337\/29D Le Van Sy, Tan Son Hoa Ward, Ho Chi Minh City SHOWROOM\uff1a111 Ly Thanh Tong, Tan Thoi Hoa Ward ,Tan Phu District, Ho Chi Minh [&hellip;]","og_url":"https:\/\/www.isehangroup.com\/vn\/company\/","og_site_name":"KISSME Vietnam","article_modified_time":"2025-09-02T08:05:11+00:00","og_image":[{"url":"https:\/\/www.isehangroup.com\/wp-content\/uploads\/2024\/08\/thailand-office.jpg"}],"twitter_card":"summary_large_image","twitter_misc":{"Est. reading time":"1 minute"},"schema":{"@context":"https:\/\/schema.org","@graph":[{"@type":"WebPage","@id":"https:\/\/www.isehangroup.com\/ph\/company\/","url":"https:\/\/www.isehangroup.com\/ph\/company\/","name":"TH\u00d4NG TIN C\u00d4NG TY","isPartOf":{"@id":"https:\/\/www.isehangroup.com\/#website"},"primaryImageOfPage":{"@id":"https:\/\/www.isehangroup.com\/ph\/company\/#primaryimage"},"image":{"@id":"https:\/\/www.isehangroup.com\/ph\/company\/#primaryimage"},"thumbnailUrl":"https:\/\/www.isehangroup.com\/wp-content\/uploads\/2024\/08\/thailand-office.jpg","datePublished":"2024-07-17T04:30:45+00:00","dateModified":"2025-09-02T08:05:11+00:00","inLanguage":"vn","potentialAction":[{"@type":"ReadAction","target":["https:\/\/www.isehangroup.com\/ph\/company\/"]}]},{"@type":"ImageObject","inLanguage":"vn","@id":"https:\/\/www.isehangroup.com\/ph\/company\/#primaryimage","url":"https:\/\/www.isehangroup.com\/wp-content\/uploads\/2024\/08\/thailand-office.jpg","contentUrl":"https:\/\/www.isehangroup.com\/wp-content\/uploads\/2024\/08\/thailand-office.jpg"},{"@type":"WebSite","@id":"https:\/\/www.isehangroup.com\/#website","url":"https:\/\/www.isehangroup.com\/","name":"KISSME Thailand","description":"ISEHAN GROUP","publisher":{"@id":"https:\/\/www.isehangroup.com\/#organization"},"potentialAction":[{"@type":"SearchAction","target":{"@type":"EntryPoint","urlTemplate":"https:\/\/www.isehangroup.com\/?s={search_term_string}"},"query-input":{"@type":"PropertyValueSpecification","valueRequired":true,"valueName":"search_term_string"}}],"inLanguage":"vn"},{"@type":"Organization","@id":"https:\/\/www.isehangroup.com\/#organization","name":"ISEHAN GROUP","url":"https:\/\/www.isehangroup.com\/","logo":{"@type":"ImageObject","inLanguage":"vn","@id":"https:\/\/www.isehangroup.com\/#\/schema\/logo\/image\/","url":"https:\/\/www.isehangroup.com\/wp-content\/uploads\/2024\/08\/logo-kissme.png","contentUrl":"https:\/\/www.isehangroup.com\/wp-content\/uploads\/2024\/08\/logo-kissme.png","width":243,"height":50,"caption":"ISEHAN GROUP"},"image":{"@id":"https:\/\/www.isehangroup.com\/#\/schema\/logo\/image\/"}}]}},"_links":{"self":[{"href":"https:\/\/www.isehangroup.com\/vn\/wp-json\/wp\/v2\/pages\/57"}],"collection":[{"href":"https:\/\/www.isehangroup.com\/vn\/wp-json\/wp\/v2\/pages"}],"about":[{"href":"https:\/\/www.isehangroup.com\/vn\/wp-json\/wp\/v2\/types\/page"}],"author":[{"embeddable":true,"href":"https:\/\/www.isehangroup.com\/vn\/wp-json\/wp\/v2\/users\/2"}],"replies":[{"embeddable":true,"href":"https:\/\/www.isehangroup.com\/vn\/wp-json\/wp\/v2\/comments?post=57"}],"version-history":[{"count":74,"href":"https:\/\/www.isehangroup.com\/vn\/wp-json\/wp\/v2\/pages\/57\/revisions"}],"predecessor-version":[{"id":1589,"href":"https:\/\/www.isehangroup.com\/vn\/wp-json\/wp\/v2\/pages\/57\/revisions\/1589"}],"wp:attachment":[{"href":"https:\/\/www.isehangroup.com\/vn\/wp-json\/wp\/v2\/media?parent=57"}],"curies":[{"name":"wp","href":"https:\/\/api.w.org\/{rel}","templated":true}]}}