{"id":539,"date":"2024-07-13T03:41:44","date_gmt":"2024-07-13T03:41:44","guid":{"rendered":"https:\/\/www-tmp.isehangroup.com\/us\/?post_type=product&#038;p=539"},"modified":"2025-08-27T07:52:48","modified_gmt":"2025-08-27T07:52:48","slug":"eyebrow-pencil","status":"publish","type":"product","link":"https:\/\/www.isehangroup.com\/us\/product\/eyebrow-pencil\/","title":{"rendered":"Eyebrow Pencil"},"content":{"rendered":"","protected":false},"excerpt":{"rendered":"<p>1.6mm Ultra-fine Pencil Core made it easy to define your brows!<\/p>\n","protected":false},"featured_media":644,"template":"","meta":{"_acf_changed":false},"product_cat":[21],"product_tag":[27],"product-label":[],"class_list":{"0":"post-539","1":"product","2":"type-product","3":"status-publish","4":"has-post-thumbnail","6":"product_cat-heavyrotation","7":"product_tag-eyebrow","9":"first","10":"instock","11":"shipping-taxable","12":"product-type-variable"},"acf":[],"yoast_head":"<!-- This site is optimized with the Yoast SEO plugin v23.9 - https:\/\/yoast.com\/wordpress\/plugins\/seo\/ -->\n<title>KISSME USA: Official Brand Site<\/title>\n<meta name=\"description\" content=\"Easy-to-draw! A brow pencil with a 1.6mm ultra-fine core that is soft and allows you to effortlessly create beautifully defined brows all the way to the tips. KISSME Heavy Rotation Eyebrow Pencil\" \/>\n<meta name=\"robots\" content=\"index, follow, max-snippet:-1, max-image-preview:large, max-video-preview:-1\" \/>\n<link rel=\"canonical\" href=\"https:\/\/www.isehangroup.com\/us\/product\/eyebrow-pencil\/\" \/>\n<meta property=\"og:locale\" content=\"en_US\" \/>\n<meta property=\"og:locale:alternate\" content=\"th\" \/>\n<meta property=\"og:locale:alternate\" content=\"vn\" \/>\n<meta property=\"og:locale:alternate\" content=\"id\" \/>\n<meta property=\"og:locale:alternate\" content=\"my\" \/>\n<meta property=\"og:locale:alternate\" content=\"en_SG\" \/>\n<meta property=\"og:locale:alternate\" content=\"ph\" \/>\n<meta property=\"og:type\" content=\"article\" \/>\n<meta property=\"og:title\" content=\"\" \/>\n<meta property=\"og:description\" content=\"Easy-to-draw! A brow pencil with a 1.6mm ultra-fine core that is soft and allows you to effortlessly create beautifully defined brows all the way to the tips. KISSME Heavy Rotation Eyebrow Pencil\" \/>\n<meta property=\"og:url\" content=\"https:\/\/www.isehangroup.com\/us\/product\/eyebrow-pencil\/\" \/>\n<meta property=\"og:site_name\" content=\"KISSME USA: Official Brand Site\" \/>\n<meta property=\"article:modified_time\" content=\"2025-08-27T07:52:48+00:00\" \/>\n<meta property=\"og:image\" content=\"https:\/\/www.isehangroup.com\/wp-content\/uploads\/2024\/10\/HR_pencil_04.jpg\" \/>\n\t<meta property=\"og:image:width\" content=\"760\" \/>\n\t<meta property=\"og:image:height\" content=\"760\" \/>\n\t<meta property=\"og:image:type\" content=\"image\/jpeg\" \/>\n<meta name=\"twitter:card\" content=\"summary_large_image\" \/>\n<meta name=\"twitter:label1\" content=\"Est. reading time\" \/>\n\t<meta name=\"twitter:data1\" content=\"1 minute\" \/>\n<script type=\"application\/ld+json\" class=\"yoast-schema-graph\">{\"@context\":\"https:\/\/schema.org\",\"@graph\":[{\"@type\":\"WebPage\",\"@id\":\"https:\/\/www.isehangroup.com\/sg\/product\/eyebrow-pencil\/\",\"url\":\"https:\/\/www.isehangroup.com\/sg\/product\/eyebrow-pencil\/\",\"name\":\"\",\"isPartOf\":{\"@id\":\"https:\/\/www.isehangroup.com\/#website\"},\"primaryImageOfPage\":{\"@id\":\"https:\/\/www.isehangroup.com\/sg\/product\/eyebrow-pencil\/#primaryimage\"},\"image\":{\"@id\":\"https:\/\/www.isehangroup.com\/sg\/product\/eyebrow-pencil\/#primaryimage\"},\"thumbnailUrl\":\"https:\/\/www.isehangroup.com\/wp-content\/uploads\/2024\/08\/hr-03-03w.jpg\",\"datePublished\":\"2024-07-13T03:41:44+00:00\",\"dateModified\":\"2025-08-27T07:52:48+00:00\",\"description\":\"Easy-to-draw! A brow pencil with a 1.6mm ultra-fine core that is soft and allows you to effortlessly create beautifully defined brows all the way to the tips. KISSME Heavy Rotation Eyebrow Pencil\",\"breadcrumb\":{\"@id\":\"https:\/\/www.isehangroup.com\/sg\/product\/eyebrow-pencil\/#breadcrumb\"},\"inLanguage\":\"us\",\"potentialAction\":[{\"@type\":\"ReadAction\",\"target\":[\"https:\/\/www.isehangroup.com\/sg\/product\/eyebrow-pencil\/\"]}]},{\"@type\":\"ImageObject\",\"inLanguage\":\"us\",\"@id\":\"https:\/\/www.isehangroup.com\/sg\/product\/eyebrow-pencil\/#primaryimage\",\"url\":\"https:\/\/www.isehangroup.com\/wp-content\/uploads\/2024\/08\/hr-03-03w.jpg\",\"contentUrl\":\"https:\/\/www.isehangroup.com\/wp-content\/uploads\/2024\/08\/hr-03-03w.jpg\",\"width\":760,\"height\":760},{\"@type\":\"BreadcrumbList\",\"@id\":\"https:\/\/www.isehangroup.com\/sg\/product\/eyebrow-pencil\/#breadcrumb\",\"itemListElement\":[{\"@type\":\"ListItem\",\"position\":1,\"name\":\"Shop\",\"item\":\"https:\/\/www.isehangroup.com\/th\/shop\/\"},{\"@type\":\"ListItem\",\"position\":2,\"name\":\"KISSME Heavy Rotation Eyebrow Pencil\"}]},{\"@type\":\"WebSite\",\"@id\":\"https:\/\/www.isehangroup.com\/#website\",\"url\":\"https:\/\/www.isehangroup.com\/\",\"name\":\"KISSME Thailand\",\"description\":\"ISEHAN GROUP\",\"publisher\":{\"@id\":\"https:\/\/www.isehangroup.com\/#organization\"},\"potentialAction\":[{\"@type\":\"SearchAction\",\"target\":{\"@type\":\"EntryPoint\",\"urlTemplate\":\"https:\/\/www.isehangroup.com\/?s={search_term_string}\"},\"query-input\":{\"@type\":\"PropertyValueSpecification\",\"valueRequired\":true,\"valueName\":\"search_term_string\"}}],\"inLanguage\":\"us\"},{\"@type\":\"Organization\",\"@id\":\"https:\/\/www.isehangroup.com\/#organization\",\"name\":\"ISEHAN GROUP\",\"url\":\"https:\/\/www.isehangroup.com\/\",\"logo\":{\"@type\":\"ImageObject\",\"inLanguage\":\"us\",\"@id\":\"https:\/\/www.isehangroup.com\/#\/schema\/logo\/image\/\",\"url\":\"https:\/\/www.isehangroup.com\/wp-content\/uploads\/2024\/08\/logo-kissme.png\",\"contentUrl\":\"https:\/\/www.isehangroup.com\/wp-content\/uploads\/2024\/08\/logo-kissme.png\",\"width\":243,\"height\":50,\"caption\":\"ISEHAN GROUP\"},\"image\":{\"@id\":\"https:\/\/www.isehangroup.com\/#\/schema\/logo\/image\/\"}}]}<\/script>\n<!-- \/ Yoast SEO plugin. -->","yoast_head_json":{"title":"KISSME USA: Official Brand Site","description":"[:th]\u0e14\u0e34\u0e19\u0e2a\u0e2d\u0e40\u0e02\u0e35\u0e22\u0e19\u0e04\u0e34\u0e49\u0e27\u0e2b\u0e31\u0e27\u0e40\u0e23\u0e35\u0e22\u0e27\u0e40\u0e25\u0e47\u0e01\u0e40\u0e1e\u0e35\u0e22\u0e07 1.6 \u0e21\u0e21. \u0e40\u0e19\u0e37\u0e49\u0e2d\u0e19\u0e38\u0e48\u0e21 \u0e40\u0e02\u0e35\u0e22\u0e19\u0e07\u0e48\u0e32\u0e22 \u0e04\u0e34\u0e49\u0e27\u0e2a\u0e27\u0e22\u0e40\u0e1b\u0e4a\u0e30\u0e44\u0e14\u0e49\u0e14\u0e31\u0e48\u0e07\u0e43\u0e08\u0e04\u0e34\u0e2a\u0e21\u0e35 \u0e40\u0e2e\u0e1f\u0e27\u0e35\u0e48 \u0e42\u0e23\u0e40\u0e17\u0e0a\u0e31\u0e48\u0e19 \u0e2d\u0e32\u0e22\u0e42\u0e1a\u0e23\u0e27\u0e4c \u0e40\u0e1e\u0e19\u0e0b\u0e34\u0e25 \u0e25\u0e47\u0e2d\u0e04\u0e04\u0e27\u0e32\u0e21\u0e2a\u0e27\u0e22\u0e44\u0e14\u0e49\u0e22\u0e32\u0e27\u0e19\u0e32\u0e19\u0e2a\u0e39\u0e15\u0e23\u0e01\u0e31\u0e19\u0e19\u0e49\u0e33[:us]Easy-to-draw! A brow pencil with a 1.6mm ultra-fine core that is soft and allows you to effortlessly create beautifully defined brows all the way to the tips. KISSME Heavy Rotation Eyebrow Pencil[:]","robots":{"index":"index","follow":"follow","max-snippet":"max-snippet:-1","max-image-preview":"max-image-preview:large","max-video-preview":"max-video-preview:-1"},"canonical":"https:\/\/www.isehangroup.com\/us\/product\/eyebrow-pencil\/","og_locale":"en_US","og_type":"article","og_title":"[:vn]B\u00fat Ch\u00ec S\u00e1p K\u1ebb L\u00f4ng M\u00e0y Ch\u1ed1ng Tr\u00f4i KISSME L\u00f5i Si\u00eau M\u1ecbn - KISSME USA: Official Brand Site[:]","og_description":"[:th]\u0e14\u0e34\u0e19\u0e2a\u0e2d\u0e40\u0e02\u0e35\u0e22\u0e19\u0e04\u0e34\u0e49\u0e27\u0e2b\u0e31\u0e27\u0e40\u0e23\u0e35\u0e22\u0e27\u0e40\u0e25\u0e47\u0e01\u0e40\u0e1e\u0e35\u0e22\u0e07 1.6 \u0e21\u0e21. \u0e40\u0e19\u0e37\u0e49\u0e2d\u0e19\u0e38\u0e48\u0e21 \u0e40\u0e02\u0e35\u0e22\u0e19\u0e07\u0e48\u0e32\u0e22 \u0e04\u0e34\u0e49\u0e27\u0e2a\u0e27\u0e22\u0e40\u0e1b\u0e4a\u0e30\u0e44\u0e14\u0e49\u0e14\u0e31\u0e48\u0e07\u0e43\u0e08\u0e04\u0e34\u0e2a\u0e21\u0e35 \u0e40\u0e2e\u0e1f\u0e27\u0e35\u0e48 \u0e42\u0e23\u0e40\u0e17\u0e0a\u0e31\u0e48\u0e19 \u0e2d\u0e32\u0e22\u0e42\u0e1a\u0e23\u0e27\u0e4c \u0e40\u0e1e\u0e19\u0e0b\u0e34\u0e25 \u0e25\u0e47\u0e2d\u0e04\u0e04\u0e27\u0e32\u0e21\u0e2a\u0e27\u0e22\u0e44\u0e14\u0e49\u0e22\u0e32\u0e27\u0e19\u0e32\u0e19\u0e2a\u0e39\u0e15\u0e23\u0e01\u0e31\u0e19\u0e19\u0e49\u0e33[:us]Easy-to-draw! A brow pencil with a 1.6mm ultra-fine core that is soft and allows you to effortlessly create beautifully defined brows all the way to the tips. KISSME Heavy Rotation Eyebrow Pencil[:]","og_url":"https:\/\/www.isehangroup.com\/us\/product\/eyebrow-pencil\/","og_site_name":"KISSME USA: Official Brand Site","article_modified_time":"2025-08-27T07:52:48+00:00","og_image":[{"width":760,"height":760,"url":"https:\/\/www.isehangroup.com\/wp-content\/uploads\/2024\/10\/HR_pencil_04.jpg","type":"image\/jpeg"}],"twitter_card":"summary_large_image","twitter_misc":{"Est. reading time":"1 minute"},"schema":{"@context":"https:\/\/schema.org","@graph":[{"@type":"WebPage","@id":"https:\/\/www.isehangroup.com\/sg\/product\/eyebrow-pencil\/","url":"https:\/\/www.isehangroup.com\/sg\/product\/eyebrow-pencil\/","name":"","isPartOf":{"@id":"https:\/\/www.isehangroup.com\/#website"},"primaryImageOfPage":{"@id":"https:\/\/www.isehangroup.com\/sg\/product\/eyebrow-pencil\/#primaryimage"},"image":{"@id":"https:\/\/www.isehangroup.com\/sg\/product\/eyebrow-pencil\/#primaryimage"},"thumbnailUrl":"https:\/\/www.isehangroup.com\/wp-content\/uploads\/2024\/08\/hr-03-03w.jpg","datePublished":"2024-07-13T03:41:44+00:00","dateModified":"2025-08-27T07:52:48+00:00","description":"Easy-to-draw! A brow pencil with a 1.6mm ultra-fine core that is soft and allows you to effortlessly create beautifully defined brows all the way to the tips. KISSME Heavy Rotation Eyebrow Pencil","breadcrumb":{"@id":"https:\/\/www.isehangroup.com\/sg\/product\/eyebrow-pencil\/#breadcrumb"},"inLanguage":"us","potentialAction":[{"@type":"ReadAction","target":["https:\/\/www.isehangroup.com\/sg\/product\/eyebrow-pencil\/"]}]},{"@type":"ImageObject","inLanguage":"us","@id":"https:\/\/www.isehangroup.com\/sg\/product\/eyebrow-pencil\/#primaryimage","url":"https:\/\/www.isehangroup.com\/wp-content\/uploads\/2024\/08\/hr-03-03w.jpg","contentUrl":"https:\/\/www.isehangroup.com\/wp-content\/uploads\/2024\/08\/hr-03-03w.jpg","width":760,"height":760},{"@type":"BreadcrumbList","@id":"https:\/\/www.isehangroup.com\/sg\/product\/eyebrow-pencil\/#breadcrumb","itemListElement":[{"@type":"ListItem","position":1,"name":"Shop","item":"https:\/\/www.isehangroup.com\/th\/shop\/"},{"@type":"ListItem","position":2,"name":"KISSME Heavy Rotation Eyebrow Pencil"}]},{"@type":"WebSite","@id":"https:\/\/www.isehangroup.com\/#website","url":"https:\/\/www.isehangroup.com\/","name":"KISSME Thailand","description":"ISEHAN GROUP","publisher":{"@id":"https:\/\/www.isehangroup.com\/#organization"},"potentialAction":[{"@type":"SearchAction","target":{"@type":"EntryPoint","urlTemplate":"https:\/\/www.isehangroup.com\/?s={search_term_string}"},"query-input":{"@type":"PropertyValueSpecification","valueRequired":true,"valueName":"search_term_string"}}],"inLanguage":"us"},{"@type":"Organization","@id":"https:\/\/www.isehangroup.com\/#organization","name":"ISEHAN GROUP","url":"https:\/\/www.isehangroup.com\/","logo":{"@type":"ImageObject","inLanguage":"us","@id":"https:\/\/www.isehangroup.com\/#\/schema\/logo\/image\/","url":"https:\/\/www.isehangroup.com\/wp-content\/uploads\/2024\/08\/logo-kissme.png","contentUrl":"https:\/\/www.isehangroup.com\/wp-content\/uploads\/2024\/08\/logo-kissme.png","width":243,"height":50,"caption":"ISEHAN GROUP"},"image":{"@id":"https:\/\/www.isehangroup.com\/#\/schema\/logo\/image\/"}}]}},"_links":{"self":[{"href":"https:\/\/www.isehangroup.com\/us\/wp-json\/wp\/v2\/product\/539"}],"collection":[{"href":"https:\/\/www.isehangroup.com\/us\/wp-json\/wp\/v2\/product"}],"about":[{"href":"https:\/\/www.isehangroup.com\/us\/wp-json\/wp\/v2\/types\/product"}],"wp:featuredmedia":[{"embeddable":true,"href":"https:\/\/www.isehangroup.com\/us\/wp-json\/wp\/v2\/media\/644"}],"wp:attachment":[{"href":"https:\/\/www.isehangroup.com\/us\/wp-json\/wp\/v2\/media?parent=539"}],"wp:term":[{"taxonomy":"product_cat","embeddable":true,"href":"https:\/\/www.isehangroup.com\/us\/wp-json\/wp\/v2\/product_cat?post=539"},{"taxonomy":"product_tag","embeddable":true,"href":"https:\/\/www.isehangroup.com\/us\/wp-json\/wp\/v2\/product_tag?post=539"},{"taxonomy":"product-label","embeddable":true,"href":"https:\/\/www.isehangroup.com\/us\/wp-json\/wp\/v2\/product-label?post=539"}],"curies":[{"name":"wp","href":"https:\/\/api.w.org\/{rel}","templated":true}]}}