{"id":720,"date":"2024-10-02T04:41:38","date_gmt":"2024-10-02T04:41:38","guid":{"rendered":"https:\/\/www-tmp.isehangroup.com\/th\/?post_type=product&#038;p=720"},"modified":"2025-08-27T07:20:32","modified_gmt":"2025-08-27T07:20:32","slug":"real-lash-mascara-advanced-film","status":"publish","type":"product","link":"https:\/\/www.isehangroup.com\/th\/product\/real-lash-mascara-advanced-film\/","title":{"rendered":"\u0e04\u0e34\u0e2a\u0e21\u0e35 \u0e2e\u0e35\u0e42\u0e23\u0e2d\u0e35\u0e19 \u0e40\u0e21\u0e04 \u0e23\u0e35\u0e25 \u0e41\u0e25\u0e0a \u0e21\u0e32\u0e2a\u0e04\u0e32\u0e23\u0e48\u0e32 \u0e41\u0e2d\u0e14\u0e27\u0e32\u0e19\u0e0b\u0e4c \u0e1f\u0e34\u0e25\u0e4c\u0e21"},"content":{"rendered":"<p><img loading=\"lazy\" decoding=\"async\" class=\"d-none d-sm-block\" src=\"https:\/\/www.isehangroup.com\/wp-content\/uploads\/2024\/09\/heroine_realrush_kv_v4.jpg\" alt=\"\" width=\"1920\" height=\"748\" \/><br \/>\n<img loading=\"lazy\" decoding=\"async\" class=\"d-block d-sm-none\" src=\"https:\/\/www.isehangroup.com\/wp-content\/uploads\/2024\/09\/heroine_realrush_kv_sp_v4.jpg\" alt=\"\" width=\"1200\" height=\"1550\" \/><\/p>\n","protected":false},"excerpt":{"rendered":"<p>\u0e02\u0e19\u0e15\u0e32\u0e22\u0e32\u0e27\u0e2a\u0e27\u0e22\u0e44\u0e23\u0e49\u0e02\u0e35\u0e14\u0e08\u0e4d\u0e32\u0e01\u0e31\u0e14<br \/>\n\u0e2d\u0e22\u0e48\u0e32\u0e07\u0e40\u0e1b\u0e47\u0e19\u0e18\u0e23\u0e23\u0e21\u0e0a\u0e32\u0e15\u0e34<\/p>\n","protected":false},"featured_media":730,"template":"","meta":{"_acf_changed":false},"product_cat":[19],"product_tag":[24],"product-label":[49],"class_list":{"0":"post-720","1":"product","2":"type-product","3":"status-publish","4":"has-post-thumbnail","6":"product_cat-heroinemake","7":"product_tag-mascara","8":"product-label-new","10":"first","11":"instock","12":"featured","13":"shipping-taxable","14":"product-type-variable"},"acf":[],"yoast_head":"<!-- This site is optimized with the Yoast SEO plugin v23.9 - https:\/\/yoast.com\/wordpress\/plugins\/seo\/ -->\n<title>\u0e04\u0e34\u0e2a\u0e21\u0e35 \u0e2e\u0e35\u0e42\u0e23\u0e2d\u0e35\u0e19 \u0e40\u0e21\u0e04 \u0e23\u0e35\u0e25 \u0e41\u0e25\u0e0a \u0e21\u0e32\u0e2a\u0e04\u0e32\u0e23\u0e48\u0e32 \u0e41\u0e2d\u0e14\u0e27\u0e32\u0e19\u0e0b\u0e4c \u0e1f\u0e34\u0e25\u0e4c\u0e21<\/title>\n<meta name=\"description\" content=\"\u0e02\u0e19\u0e15\u0e32\u0e22\u0e32\u0e27\u0e2a\u0e27\u0e22\u0e44\u0e23\u0e49\u0e02\u0e35\u0e14\u0e08\u0e4d\u0e32\u0e01\u0e31\u0e14 \u0e2d\u0e22\u0e48\u0e32\u0e07\u0e40\u0e1b\u0e47\u0e19\u0e18\u0e23\u0e23\u0e21\u0e0a\u0e32\u0e15\u0e34 KISSME Heroine Make Real Lash Mascara Advanced Film \u0e21\u0e32\u0e2a\u0e04\u0e32\u0e23\u0e48\u0e32\u0e23\u0e38\u0e48\u0e19\u0e43\u0e2b\u0e21\u0e48\u0e25\u0e48\u0e32\u0e2a\u0e38\u0e14\u0e17\u0e35\u0e48\u0e21\u0e35\u0e22\u0e2d\u0e14\u0e02\u0e32\u0e22\u0e16\u0e25\u0e48\u0e21\u0e17\u0e25\u0e32\u0e22\u0e43\u0e19\u0e0d\u0e35\u0e48\u0e1b\u0e38\u0e48\u0e19\u0e02\u0e19\u0e15\u0e32\u0e22\u0e32\u0e27\u0e40\u0e23\u0e35\u0e22\u0e07\u0e40\u0e2a\u0e49\u0e19\u0e40\u0e1b\u0e47\u0e19\u0e18\u0e23\u0e23\u0e21\u0e0a\u0e32\u0e15\u0e34\u0e23\u0e32\u0e27\u0e01\u0e31\u0e1a\u0e02\u0e19\u0e15\u0e32\u0e08\u0e23\u0e34\u0e07\" \/>\n<meta name=\"robots\" content=\"index, follow, max-snippet:-1, max-image-preview:large, max-video-preview:-1\" \/>\n<link rel=\"canonical\" href=\"https:\/\/www.isehangroup.com\/th\/product\/real-lash-mascara-advanced-film\/\" \/>\n<meta property=\"og:locale\" content=\"th_TH\" \/>\n<meta property=\"og:locale:alternate\" content=\"us\" \/>\n<meta property=\"og:locale:alternate\" content=\"vn\" \/>\n<meta property=\"og:locale:alternate\" content=\"id\" \/>\n<meta property=\"og:locale:alternate\" content=\"my\" \/>\n<meta property=\"og:locale:alternate\" content=\"en_SG\" \/>\n<meta property=\"og:locale:alternate\" content=\"ph\" \/>\n<meta property=\"og:type\" content=\"article\" \/>\n<meta property=\"og:title\" content=\"\u0e04\u0e34\u0e2a\u0e21\u0e35 \u0e2e\u0e35\u0e42\u0e23\u0e2d\u0e35\u0e19 \u0e40\u0e21\u0e04 \u0e23\u0e35\u0e25 \u0e41\u0e25\u0e0a \u0e21\u0e32\u0e2a\u0e04\u0e32\u0e23\u0e48\u0e32 \u0e41\u0e2d\u0e14\u0e27\u0e32\u0e19\u0e0b\u0e4c \u0e1f\u0e34\u0e25\u0e4c\u0e21\" \/>\n<meta property=\"og:description\" content=\"\u0e02\u0e19\u0e15\u0e32\u0e22\u0e32\u0e27\u0e2a\u0e27\u0e22\u0e44\u0e23\u0e49\u0e02\u0e35\u0e14\u0e08\u0e4d\u0e32\u0e01\u0e31\u0e14 \u0e2d\u0e22\u0e48\u0e32\u0e07\u0e40\u0e1b\u0e47\u0e19\u0e18\u0e23\u0e23\u0e21\u0e0a\u0e32\u0e15\u0e34 KISSME Heroine Make Real Lash Mascara Advanced Film \u0e21\u0e32\u0e2a\u0e04\u0e32\u0e23\u0e48\u0e32\u0e23\u0e38\u0e48\u0e19\u0e43\u0e2b\u0e21\u0e48\u0e25\u0e48\u0e32\u0e2a\u0e38\u0e14\u0e17\u0e35\u0e48\u0e21\u0e35\u0e22\u0e2d\u0e14\u0e02\u0e32\u0e22\u0e16\u0e25\u0e48\u0e21\u0e17\u0e25\u0e32\u0e22\u0e43\u0e19\u0e0d\u0e35\u0e48\u0e1b\u0e38\u0e48\u0e19\u0e02\u0e19\u0e15\u0e32\u0e22\u0e32\u0e27\u0e40\u0e23\u0e35\u0e22\u0e07\u0e40\u0e2a\u0e49\u0e19\u0e40\u0e1b\u0e47\u0e19\u0e18\u0e23\u0e23\u0e21\u0e0a\u0e32\u0e15\u0e34\u0e23\u0e32\u0e27\u0e01\u0e31\u0e1a\u0e02\u0e19\u0e15\u0e32\u0e08\u0e23\u0e34\u0e07\" \/>\n<meta property=\"og:url\" content=\"https:\/\/www.isehangroup.com\/th\/product\/real-lash-mascara-advanced-film\/\" \/>\n<meta property=\"og:site_name\" content=\"KISSME Thailand\" \/>\n<meta property=\"article:modified_time\" content=\"2025-08-27T07:20:32+00:00\" \/>\n<meta property=\"og:image\" content=\"https:\/\/www.isehangroup.com\/wp-content\/uploads\/2024\/10\/HM_realrush_01.jpg\" \/>\n\t<meta property=\"og:image:width\" content=\"760\" \/>\n\t<meta property=\"og:image:height\" content=\"760\" \/>\n\t<meta property=\"og:image:type\" content=\"image\/jpeg\" \/>\n<meta name=\"twitter:card\" content=\"summary_large_image\" \/>\n<meta name=\"twitter:label1\" content=\"Est. reading time\" \/>\n\t<meta name=\"twitter:data1\" content=\"1 \u0e19\u0e32\u0e17\u0e35\" \/>\n<script type=\"application\/ld+json\" class=\"yoast-schema-graph\">{\"@context\":\"https:\/\/schema.org\",\"@graph\":[{\"@type\":\"WebPage\",\"@id\":\"https:\/\/www.isehangroup.com\/sg\/product\/real-lash-mascara-advanced-film\/\",\"url\":\"https:\/\/www.isehangroup.com\/sg\/product\/real-lash-mascara-advanced-film\/\",\"name\":\"\u0e04\u0e34\u0e2a\u0e21\u0e35 \u0e2e\u0e35\u0e42\u0e23\u0e2d\u0e35\u0e19 \u0e40\u0e21\u0e04 \u0e23\u0e35\u0e25 \u0e41\u0e25\u0e0a \u0e21\u0e32\u0e2a\u0e04\u0e32\u0e23\u0e48\u0e32 \u0e41\u0e2d\u0e14\u0e27\u0e32\u0e19\u0e0b\u0e4c \u0e1f\u0e34\u0e25\u0e4c\u0e21\",\"isPartOf\":{\"@id\":\"https:\/\/www.isehangroup.com\/#website\"},\"primaryImageOfPage\":{\"@id\":\"https:\/\/www.isehangroup.com\/sg\/product\/real-lash-mascara-advanced-film\/#primaryimage\"},\"image\":{\"@id\":\"https:\/\/www.isehangroup.com\/sg\/product\/real-lash-mascara-advanced-film\/#primaryimage\"},\"thumbnailUrl\":\"https:\/\/www.isehangroup.com\/wp-content\/uploads\/2024\/10\/HM_realrush_01.jpg\",\"datePublished\":\"2024-10-02T04:41:38+00:00\",\"dateModified\":\"2025-08-27T07:20:32+00:00\",\"description\":\"\u0e02\u0e19\u0e15\u0e32\u0e22\u0e32\u0e27\u0e2a\u0e27\u0e22\u0e44\u0e23\u0e49\u0e02\u0e35\u0e14\u0e08\u0e4d\u0e32\u0e01\u0e31\u0e14 \u0e2d\u0e22\u0e48\u0e32\u0e07\u0e40\u0e1b\u0e47\u0e19\u0e18\u0e23\u0e23\u0e21\u0e0a\u0e32\u0e15\u0e34 KISSME Heroine Make Real Lash Mascara Advanced Film \u0e21\u0e32\u0e2a\u0e04\u0e32\u0e23\u0e48\u0e32\u0e23\u0e38\u0e48\u0e19\u0e43\u0e2b\u0e21\u0e48\u0e25\u0e48\u0e32\u0e2a\u0e38\u0e14\u0e17\u0e35\u0e48\u0e21\u0e35\u0e22\u0e2d\u0e14\u0e02\u0e32\u0e22\u0e16\u0e25\u0e48\u0e21\u0e17\u0e25\u0e32\u0e22\u0e43\u0e19\u0e0d\u0e35\u0e48\u0e1b\u0e38\u0e48\u0e19\u0e02\u0e19\u0e15\u0e32\u0e22\u0e32\u0e27\u0e40\u0e23\u0e35\u0e22\u0e07\u0e40\u0e2a\u0e49\u0e19\u0e40\u0e1b\u0e47\u0e19\u0e18\u0e23\u0e23\u0e21\u0e0a\u0e32\u0e15\u0e34\u0e23\u0e32\u0e27\u0e01\u0e31\u0e1a\u0e02\u0e19\u0e15\u0e32\u0e08\u0e23\u0e34\u0e07\",\"breadcrumb\":{\"@id\":\"https:\/\/www.isehangroup.com\/sg\/product\/real-lash-mascara-advanced-film\/#breadcrumb\"},\"inLanguage\":\"th\",\"potentialAction\":[{\"@type\":\"ReadAction\",\"target\":[\"https:\/\/www.isehangroup.com\/sg\/product\/real-lash-mascara-advanced-film\/\"]}]},{\"@type\":\"ImageObject\",\"inLanguage\":\"th\",\"@id\":\"https:\/\/www.isehangroup.com\/sg\/product\/real-lash-mascara-advanced-film\/#primaryimage\",\"url\":\"https:\/\/www.isehangroup.com\/wp-content\/uploads\/2024\/10\/HM_realrush_01.jpg\",\"contentUrl\":\"https:\/\/www.isehangroup.com\/wp-content\/uploads\/2024\/10\/HM_realrush_01.jpg\",\"width\":760,\"height\":760},{\"@type\":\"BreadcrumbList\",\"@id\":\"https:\/\/www.isehangroup.com\/sg\/product\/real-lash-mascara-advanced-film\/#breadcrumb\",\"itemListElement\":[{\"@type\":\"ListItem\",\"position\":1,\"name\":\"Home\",\"item\":\"https:\/\/www.isehangroup.com\/sg\/\"},{\"@type\":\"ListItem\",\"position\":2,\"name\":\"Shop\",\"item\":\"https:\/\/www.isehangroup.com\/th\/shop\/\"},{\"@type\":\"ListItem\",\"position\":3,\"name\":\"KISSME Heroine Make Real Lash Mascara Advanced Film\"}]},{\"@type\":\"WebSite\",\"@id\":\"https:\/\/www.isehangroup.com\/#website\",\"url\":\"https:\/\/www.isehangroup.com\/\",\"name\":\"KISSME Thailand\",\"description\":\"ISEHAN GROUP\",\"publisher\":{\"@id\":\"https:\/\/www.isehangroup.com\/#organization\"},\"potentialAction\":[{\"@type\":\"SearchAction\",\"target\":{\"@type\":\"EntryPoint\",\"urlTemplate\":\"https:\/\/www.isehangroup.com\/?s={search_term_string}\"},\"query-input\":{\"@type\":\"PropertyValueSpecification\",\"valueRequired\":true,\"valueName\":\"search_term_string\"}}],\"inLanguage\":\"th\"},{\"@type\":\"Organization\",\"@id\":\"https:\/\/www.isehangroup.com\/#organization\",\"name\":\"ISEHAN GROUP\",\"url\":\"https:\/\/www.isehangroup.com\/\",\"logo\":{\"@type\":\"ImageObject\",\"inLanguage\":\"th\",\"@id\":\"https:\/\/www.isehangroup.com\/#\/schema\/logo\/image\/\",\"url\":\"https:\/\/www.isehangroup.com\/wp-content\/uploads\/2024\/08\/logo-kissme.png\",\"contentUrl\":\"https:\/\/www.isehangroup.com\/wp-content\/uploads\/2024\/08\/logo-kissme.png\",\"width\":243,\"height\":50,\"caption\":\"ISEHAN GROUP\"},\"image\":{\"@id\":\"https:\/\/www.isehangroup.com\/#\/schema\/logo\/image\/\"}}]}<\/script>\n<!-- \/ Yoast SEO plugin. -->","yoast_head_json":{"title":"\u0e04\u0e34\u0e2a\u0e21\u0e35 \u0e2e\u0e35\u0e42\u0e23\u0e2d\u0e35\u0e19 \u0e40\u0e21\u0e04 \u0e23\u0e35\u0e25 \u0e41\u0e25\u0e0a \u0e21\u0e32\u0e2a\u0e04\u0e32\u0e23\u0e48\u0e32 \u0e41\u0e2d\u0e14\u0e27\u0e32\u0e19\u0e0b\u0e4c \u0e1f\u0e34\u0e25\u0e4c\u0e21","description":"[:th]\u0e02\u0e19\u0e15\u0e32\u0e22\u0e32\u0e27\u0e2a\u0e27\u0e22\u0e44\u0e23\u0e49\u0e02\u0e35\u0e14\u0e08\u0e4d\u0e32\u0e01\u0e31\u0e14 \u0e2d\u0e22\u0e48\u0e32\u0e07\u0e40\u0e1b\u0e47\u0e19\u0e18\u0e23\u0e23\u0e21\u0e0a\u0e32\u0e15\u0e34 KISSME Heroine Make Real Lash Mascara Advanced Film \u0e21\u0e32\u0e2a\u0e04\u0e32\u0e23\u0e48\u0e32\u0e23\u0e38\u0e48\u0e19\u0e43\u0e2b\u0e21\u0e48\u0e25\u0e48\u0e32\u0e2a\u0e38\u0e14\u0e17\u0e35\u0e48\u0e21\u0e35\u0e22\u0e2d\u0e14\u0e02\u0e32\u0e22\u0e16\u0e25\u0e48\u0e21\u0e17\u0e25\u0e32\u0e22\u0e43\u0e19\u0e0d\u0e35\u0e48\u0e1b\u0e38\u0e48\u0e19\u0e02\u0e19\u0e15\u0e32\u0e22\u0e32\u0e27\u0e40\u0e23\u0e35\u0e22\u0e07\u0e40\u0e2a\u0e49\u0e19\u0e40\u0e1b\u0e47\u0e19\u0e18\u0e23\u0e23\u0e21\u0e0a\u0e32\u0e15\u0e34\u0e23\u0e32\u0e27\u0e01\u0e31\u0e1a\u0e02\u0e19\u0e15\u0e32\u0e08\u0e23\u0e34\u0e07[:]","robots":{"index":"index","follow":"follow","max-snippet":"max-snippet:-1","max-image-preview":"max-image-preview:large","max-video-preview":"max-video-preview:-1"},"canonical":"https:\/\/www.isehangroup.com\/th\/product\/real-lash-mascara-advanced-film\/","og_locale":"th_TH","og_type":"article","og_title":"[:th]\u0e04\u0e34\u0e2a\u0e21\u0e35 \u0e2e\u0e35\u0e42\u0e23\u0e2d\u0e35\u0e19 \u0e40\u0e21\u0e04 \u0e23\u0e35\u0e25 \u0e41\u0e25\u0e0a \u0e21\u0e32\u0e2a\u0e04\u0e32\u0e23\u0e48\u0e32 \u0e41\u0e2d\u0e14\u0e27\u0e32\u0e19\u0e0b\u0e4c \u0e1f\u0e34\u0e25\u0e4c\u0e21[:us]KISSME Heroine Make Real Lash Mascara Advanced Film[:vn]Mascara D\u1ea1ng M\u00e0ng Film N\u00e2ng Cao Kissme Heroine Make Si\u00eau Ch\u1ed1ng Tr\u00f4i Gi\u00fap N\u00e2ng Cong V\u00e0 Vu\u1ed1t D\u00e0i Mi - Phi\u00ean B\u1ea3n Ho\u00e0ng Gia[:sg]KISSME Heroine Make Real Lash Mascara Advanced Film[:ph]KISSME Heroine Make Real Lash Mascara Advanced Film[:] - KISSME Thailand","og_description":"[:th]\u0e02\u0e19\u0e15\u0e32\u0e22\u0e32\u0e27\u0e2a\u0e27\u0e22\u0e44\u0e23\u0e49\u0e02\u0e35\u0e14\u0e08\u0e4d\u0e32\u0e01\u0e31\u0e14 \u0e2d\u0e22\u0e48\u0e32\u0e07\u0e40\u0e1b\u0e47\u0e19\u0e18\u0e23\u0e23\u0e21\u0e0a\u0e32\u0e15\u0e34 KISSME Heroine Make Real Lash Mascara Advanced Film \u0e21\u0e32\u0e2a\u0e04\u0e32\u0e23\u0e48\u0e32\u0e23\u0e38\u0e48\u0e19\u0e43\u0e2b\u0e21\u0e48\u0e25\u0e48\u0e32\u0e2a\u0e38\u0e14\u0e17\u0e35\u0e48\u0e21\u0e35\u0e22\u0e2d\u0e14\u0e02\u0e32\u0e22\u0e16\u0e25\u0e48\u0e21\u0e17\u0e25\u0e32\u0e22\u0e43\u0e19\u0e0d\u0e35\u0e48\u0e1b\u0e38\u0e48\u0e19\u0e02\u0e19\u0e15\u0e32\u0e22\u0e32\u0e27\u0e40\u0e23\u0e35\u0e22\u0e07\u0e40\u0e2a\u0e49\u0e19\u0e40\u0e1b\u0e47\u0e19\u0e18\u0e23\u0e23\u0e21\u0e0a\u0e32\u0e15\u0e34\u0e23\u0e32\u0e27\u0e01\u0e31\u0e1a\u0e02\u0e19\u0e15\u0e32\u0e08\u0e23\u0e34\u0e07[:]","og_url":"https:\/\/www.isehangroup.com\/th\/product\/real-lash-mascara-advanced-film\/","og_site_name":"KISSME Thailand","article_modified_time":"2025-08-27T07:20:32+00:00","og_image":[{"width":760,"height":760,"url":"https:\/\/www.isehangroup.com\/wp-content\/uploads\/2024\/10\/HM_realrush_01.jpg","type":"image\/jpeg"}],"twitter_card":"summary_large_image","twitter_misc":{"Est. reading time":"1 \u0e19\u0e32\u0e17\u0e35"},"schema":{"@context":"https:\/\/schema.org","@graph":[{"@type":"WebPage","@id":"https:\/\/www.isehangroup.com\/sg\/product\/real-lash-mascara-advanced-film\/","url":"https:\/\/www.isehangroup.com\/sg\/product\/real-lash-mascara-advanced-film\/","name":"\u0e04\u0e34\u0e2a\u0e21\u0e35 \u0e2e\u0e35\u0e42\u0e23\u0e2d\u0e35\u0e19 \u0e40\u0e21\u0e04 \u0e23\u0e35\u0e25 \u0e41\u0e25\u0e0a \u0e21\u0e32\u0e2a\u0e04\u0e32\u0e23\u0e48\u0e32 \u0e41\u0e2d\u0e14\u0e27\u0e32\u0e19\u0e0b\u0e4c \u0e1f\u0e34\u0e25\u0e4c\u0e21","isPartOf":{"@id":"https:\/\/www.isehangroup.com\/#website"},"primaryImageOfPage":{"@id":"https:\/\/www.isehangroup.com\/sg\/product\/real-lash-mascara-advanced-film\/#primaryimage"},"image":{"@id":"https:\/\/www.isehangroup.com\/sg\/product\/real-lash-mascara-advanced-film\/#primaryimage"},"thumbnailUrl":"https:\/\/www.isehangroup.com\/wp-content\/uploads\/2024\/10\/HM_realrush_01.jpg","datePublished":"2024-10-02T04:41:38+00:00","dateModified":"2025-08-27T07:20:32+00:00","description":"\u0e02\u0e19\u0e15\u0e32\u0e22\u0e32\u0e27\u0e2a\u0e27\u0e22\u0e44\u0e23\u0e49\u0e02\u0e35\u0e14\u0e08\u0e4d\u0e32\u0e01\u0e31\u0e14 \u0e2d\u0e22\u0e48\u0e32\u0e07\u0e40\u0e1b\u0e47\u0e19\u0e18\u0e23\u0e23\u0e21\u0e0a\u0e32\u0e15\u0e34 KISSME Heroine Make Real Lash Mascara Advanced Film \u0e21\u0e32\u0e2a\u0e04\u0e32\u0e23\u0e48\u0e32\u0e23\u0e38\u0e48\u0e19\u0e43\u0e2b\u0e21\u0e48\u0e25\u0e48\u0e32\u0e2a\u0e38\u0e14\u0e17\u0e35\u0e48\u0e21\u0e35\u0e22\u0e2d\u0e14\u0e02\u0e32\u0e22\u0e16\u0e25\u0e48\u0e21\u0e17\u0e25\u0e32\u0e22\u0e43\u0e19\u0e0d\u0e35\u0e48\u0e1b\u0e38\u0e48\u0e19\u0e02\u0e19\u0e15\u0e32\u0e22\u0e32\u0e27\u0e40\u0e23\u0e35\u0e22\u0e07\u0e40\u0e2a\u0e49\u0e19\u0e40\u0e1b\u0e47\u0e19\u0e18\u0e23\u0e23\u0e21\u0e0a\u0e32\u0e15\u0e34\u0e23\u0e32\u0e27\u0e01\u0e31\u0e1a\u0e02\u0e19\u0e15\u0e32\u0e08\u0e23\u0e34\u0e07","breadcrumb":{"@id":"https:\/\/www.isehangroup.com\/sg\/product\/real-lash-mascara-advanced-film\/#breadcrumb"},"inLanguage":"th","potentialAction":[{"@type":"ReadAction","target":["https:\/\/www.isehangroup.com\/sg\/product\/real-lash-mascara-advanced-film\/"]}]},{"@type":"ImageObject","inLanguage":"th","@id":"https:\/\/www.isehangroup.com\/sg\/product\/real-lash-mascara-advanced-film\/#primaryimage","url":"https:\/\/www.isehangroup.com\/wp-content\/uploads\/2024\/10\/HM_realrush_01.jpg","contentUrl":"https:\/\/www.isehangroup.com\/wp-content\/uploads\/2024\/10\/HM_realrush_01.jpg","width":760,"height":760},{"@type":"BreadcrumbList","@id":"https:\/\/www.isehangroup.com\/sg\/product\/real-lash-mascara-advanced-film\/#breadcrumb","itemListElement":[{"@type":"ListItem","position":1,"name":"Home","item":"https:\/\/www.isehangroup.com\/sg\/"},{"@type":"ListItem","position":2,"name":"Shop","item":"https:\/\/www.isehangroup.com\/th\/shop\/"},{"@type":"ListItem","position":3,"name":"KISSME Heroine Make Real Lash Mascara Advanced Film"}]},{"@type":"WebSite","@id":"https:\/\/www.isehangroup.com\/#website","url":"https:\/\/www.isehangroup.com\/","name":"KISSME Thailand","description":"ISEHAN GROUP","publisher":{"@id":"https:\/\/www.isehangroup.com\/#organization"},"potentialAction":[{"@type":"SearchAction","target":{"@type":"EntryPoint","urlTemplate":"https:\/\/www.isehangroup.com\/?s={search_term_string}"},"query-input":{"@type":"PropertyValueSpecification","valueRequired":true,"valueName":"search_term_string"}}],"inLanguage":"th"},{"@type":"Organization","@id":"https:\/\/www.isehangroup.com\/#organization","name":"ISEHAN GROUP","url":"https:\/\/www.isehangroup.com\/","logo":{"@type":"ImageObject","inLanguage":"th","@id":"https:\/\/www.isehangroup.com\/#\/schema\/logo\/image\/","url":"https:\/\/www.isehangroup.com\/wp-content\/uploads\/2024\/08\/logo-kissme.png","contentUrl":"https:\/\/www.isehangroup.com\/wp-content\/uploads\/2024\/08\/logo-kissme.png","width":243,"height":50,"caption":"ISEHAN GROUP"},"image":{"@id":"https:\/\/www.isehangroup.com\/#\/schema\/logo\/image\/"}}]}},"_links":{"self":[{"href":"https:\/\/www.isehangroup.com\/th\/wp-json\/wp\/v2\/product\/720"}],"collection":[{"href":"https:\/\/www.isehangroup.com\/th\/wp-json\/wp\/v2\/product"}],"about":[{"href":"https:\/\/www.isehangroup.com\/th\/wp-json\/wp\/v2\/types\/product"}],"wp:featuredmedia":[{"embeddable":true,"href":"https:\/\/www.isehangroup.com\/th\/wp-json\/wp\/v2\/media\/730"}],"wp:attachment":[{"href":"https:\/\/www.isehangroup.com\/th\/wp-json\/wp\/v2\/media?parent=720"}],"wp:term":[{"taxonomy":"product_cat","embeddable":true,"href":"https:\/\/www.isehangroup.com\/th\/wp-json\/wp\/v2\/product_cat?post=720"},{"taxonomy":"product_tag","embeddable":true,"href":"https:\/\/www.isehangroup.com\/th\/wp-json\/wp\/v2\/product_tag?post=720"},{"taxonomy":"product-label","embeddable":true,"href":"https:\/\/www.isehangroup.com\/th\/wp-json\/wp\/v2\/product-label?post=720"}],"curies":[{"name":"wp","href":"https:\/\/api.w.org\/{rel}","templated":true}]}}