{"id":498,"date":"2025-02-02T02:53:10","date_gmt":"2025-02-02T02:53:10","guid":{"rendered":"https:\/\/www-tmp.isehangroup.com\/us\/?post_type=product&#038;p=498"},"modified":"2025-11-21T07:40:40","modified_gmt":"2025-11-21T07:40:40","slug":"coloring_eyebrow","status":"publish","type":"product","link":"https:\/\/www.isehangroup.com\/ph\/product\/coloring_eyebrow\/","title":{"rendered":"KISSME Heavy Rotation Coloring Eyebrow EX"},"content":{"rendered":"","protected":false},"excerpt":{"rendered":"<p>Coloring Eyebrow for your desired impression <br \/>\u200b<br \/>\nSoft and natural finish<\/p>\n","protected":false},"featured_media":1392,"template":"","meta":{"_acf_changed":false},"product_cat":[21],"product_tag":[27],"product-label":[50],"class_list":{"0":"post-498","1":"product","2":"type-product","3":"status-publish","4":"has-post-thumbnail","6":"product_cat-heavyrotation","7":"product_tag-eyebrow","8":"product-label-renewal","10":"first","11":"instock","12":"featured","13":"shipping-taxable","14":"product-type-variable"},"acf":[],"yoast_head":"<!-- This site is optimized with the Yoast SEO plugin v23.9 - https:\/\/yoast.com\/wordpress\/plugins\/seo\/ -->\n<title>KISSME Heavy Rotation Coloring Eyebrow EX<\/title>\n<meta name=\"description\" content=\"\" \/>\n<meta name=\"robots\" content=\"index, follow, max-snippet:-1, max-image-preview:large, max-video-preview:-1\" \/>\n<link rel=\"canonical\" href=\"https:\/\/www.isehangroup.com\/ph\/product\/coloring_eyebrow\/\" \/>\n<meta property=\"og:locale\" content=\"en_US\" \/>\n<meta property=\"og:locale:alternate\" content=\"th\" \/>\n<meta property=\"og:locale:alternate\" content=\"us\" \/>\n<meta property=\"og:locale:alternate\" content=\"vn\" \/>\n<meta property=\"og:locale:alternate\" content=\"id\" \/>\n<meta property=\"og:locale:alternate\" content=\"my\" \/>\n<meta property=\"og:locale:alternate\" content=\"en_SG\" \/>\n<meta property=\"og:type\" content=\"article\" \/>\n<meta property=\"og:title\" content=\"KISSME Heavy Rotation Coloring Eyebrow EX\" \/>\n<meta property=\"og:description\" content=\"\" \/>\n<meta property=\"og:url\" content=\"https:\/\/www.isehangroup.com\/ph\/product\/coloring_eyebrow\/\" \/>\n<meta property=\"og:site_name\" content=\"KISSME Philippines\" \/>\n<meta property=\"article:modified_time\" content=\"2025-11-21T07:40:40+00:00\" \/>\n<meta property=\"og:image\" content=\"https:\/\/www.isehangroup.com\/wp-content\/uploads\/2024\/08\/HR_ceex_03.png\" \/>\n\t<meta property=\"og:image:width\" content=\"760\" \/>\n\t<meta property=\"og:image:height\" content=\"760\" \/>\n\t<meta property=\"og:image:type\" content=\"image\/png\" \/>\n<meta name=\"twitter:card\" content=\"summary_large_image\" \/>\n<meta name=\"twitter:label1\" content=\"Est. reading time\" \/>\n\t<meta name=\"twitter:data1\" content=\"1 minute\" \/>\n<script type=\"application\/ld+json\" class=\"yoast-schema-graph\">{\"@context\":\"https:\/\/schema.org\",\"@graph\":[{\"@type\":\"WebPage\",\"@id\":\"https:\/\/www.isehangroup.com\/th\/product\/coloring_eyebrow\/\",\"url\":\"https:\/\/www.isehangroup.com\/th\/product\/coloring_eyebrow\/\",\"name\":\"KISSME Heavy Rotation Coloring Eyebrow EX\",\"isPartOf\":{\"@id\":\"https:\/\/www.isehangroup.com\/#website\"},\"primaryImageOfPage\":{\"@id\":\"https:\/\/www.isehangroup.com\/th\/product\/coloring_eyebrow\/#primaryimage\"},\"image\":{\"@id\":\"https:\/\/www.isehangroup.com\/th\/product\/coloring_eyebrow\/#primaryimage\"},\"thumbnailUrl\":\"https:\/\/www.isehangroup.com\/wp-content\/uploads\/2024\/08\/HR_ceex_04.png\",\"datePublished\":\"2025-02-02T02:53:10+00:00\",\"dateModified\":\"2025-11-21T07:40:40+00:00\",\"description\":\"\",\"breadcrumb\":{\"@id\":\"https:\/\/www.isehangroup.com\/th\/product\/coloring_eyebrow\/#breadcrumb\"},\"inLanguage\":\"ph\",\"potentialAction\":[{\"@type\":\"ReadAction\",\"target\":[\"https:\/\/www.isehangroup.com\/th\/product\/coloring_eyebrow\/\"]}]},{\"@type\":\"ImageObject\",\"inLanguage\":\"ph\",\"@id\":\"https:\/\/www.isehangroup.com\/th\/product\/coloring_eyebrow\/#primaryimage\",\"url\":\"https:\/\/www.isehangroup.com\/wp-content\/uploads\/2024\/08\/HR_ceex_04.png\",\"contentUrl\":\"https:\/\/www.isehangroup.com\/wp-content\/uploads\/2024\/08\/HR_ceex_04.png\",\"width\":760,\"height\":760},{\"@type\":\"BreadcrumbList\",\"@id\":\"https:\/\/www.isehangroup.com\/th\/product\/coloring_eyebrow\/#breadcrumb\",\"itemListElement\":[{\"@type\":\"ListItem\",\"position\":1,\"name\":\"Shop\",\"item\":\"https:\/\/www.isehangroup.com\/th\/shop\/\"},{\"@type\":\"ListItem\",\"position\":2,\"name\":\"\u0e04\u0e34\u0e2a\u0e21\u0e35 \u0e40\u0e2e\u0e1f\u0e27\u0e35\u0e48 \u0e42\u0e23\u0e40\u0e17\u0e0a\u0e31\u0e48\u0e19 \u0e04\u0e31\u0e25\u0e40\u0e25\u0e2d\u0e23\u0e4c\u0e23\u0e34\u0e48\u0e07 \u0e2d\u0e32\u0e22\u0e42\u0e1a\u0e23\u0e27\u0e4c\"}]},{\"@type\":\"WebSite\",\"@id\":\"https:\/\/www.isehangroup.com\/#website\",\"url\":\"https:\/\/www.isehangroup.com\/\",\"name\":\"KISSME Thailand\",\"description\":\"ISEHAN GROUP\",\"publisher\":{\"@id\":\"https:\/\/www.isehangroup.com\/#organization\"},\"potentialAction\":[{\"@type\":\"SearchAction\",\"target\":{\"@type\":\"EntryPoint\",\"urlTemplate\":\"https:\/\/www.isehangroup.com\/?s={search_term_string}\"},\"query-input\":{\"@type\":\"PropertyValueSpecification\",\"valueRequired\":true,\"valueName\":\"search_term_string\"}}],\"inLanguage\":\"ph\"},{\"@type\":\"Organization\",\"@id\":\"https:\/\/www.isehangroup.com\/#organization\",\"name\":\"ISEHAN GROUP\",\"url\":\"https:\/\/www.isehangroup.com\/\",\"logo\":{\"@type\":\"ImageObject\",\"inLanguage\":\"ph\",\"@id\":\"https:\/\/www.isehangroup.com\/#\/schema\/logo\/image\/\",\"url\":\"https:\/\/www.isehangroup.com\/wp-content\/uploads\/2024\/08\/logo-kissme.png\",\"contentUrl\":\"https:\/\/www.isehangroup.com\/wp-content\/uploads\/2024\/08\/logo-kissme.png\",\"width\":243,\"height\":50,\"caption\":\"ISEHAN GROUP\"},\"image\":{\"@id\":\"https:\/\/www.isehangroup.com\/#\/schema\/logo\/image\/\"}}]}<\/script>\n<!-- \/ Yoast SEO plugin. -->","yoast_head_json":{"title":"KISSME Heavy Rotation Coloring Eyebrow EX","description":"[:th]\u0e04\u0e34\u0e49\u0e27\u0e2a\u0e27\u0e22\u0e2a\u0e35\u0e04\u0e21\u0e0a\u0e31\u0e14 \u0e40\u0e1e\u0e35\u0e22\u0e07\u0e1b\u0e31\u0e14\u0e41\u0e04\u0e48\u0e04\u0e23\u0e31\u0e49\u0e07\u0e40\u0e14\u0e35\u0e22\u0e27\u0e21\u0e32\u0e2a\u0e04\u0e32\u0e23\u0e48\u0e32\u0e04\u0e34\u0e49\u0e27 \u0e2a\u0e27\u0e22\u0e1f\u0e39\u0e14\u0e39\u0e40\u0e1b\u0e47\u0e19\u0e18\u0e23\u0e23\u0e21\u0e0a\u0e32\u0e15\u0e34\u0e04\u0e34\u0e2a\u0e21\u0e35 \u0e40\u0e2e\u0e1f\u0e27\u0e35\u0e48 \u0e42\u0e23\u0e40\u0e17\u0e0a\u0e31\u0e48\u0e19 \u0e04\u0e31\u0e25\u0e40\u0e25\u0e2d\u0e23\u0e4c\u0e23\u0e34\u0e48\u0e07 \u0e2d\u0e32\u0e22\u0e42\u0e1a\u0e23\u0e27\u0e4c \u0e17\u0e19\u0e17\u0e32\u0e19\u0e15\u0e48\u0e2d\u0e40\u0e2b\u0e07\u0e37\u0e48\u0e2d \u0e19\u0e49\u0e33 \u0e04\u0e27\u0e32\u0e21\u0e21\u0e31\u0e19 \u0e41\u0e25\u0e30\u0e01\u0e32\u0e23\u0e40\u0e2a\u0e35\u0e22\u0e14\u0e2a\u0e35[:us]Achieve stunning color with just one coat. Natural, Fluffy Eyebrow Mascara. Multi-proof Formula Resistant to Sweat, Water, Sebum and Rubbing. KISSME Heavy Rotation Coloring Eyebrow[:]","robots":{"index":"index","follow":"follow","max-snippet":"max-snippet:-1","max-image-preview":"max-image-preview:large","max-video-preview":"max-video-preview:-1"},"canonical":"https:\/\/www.isehangroup.com\/ph\/product\/coloring_eyebrow\/","og_locale":"en_US","og_type":"article","og_title":"[:us]Heavy Rotation Coloring Eyebrow - KISSME Philippines[:vn][:th]\u0e04\u0e34\u0e2a\u0e21\u0e35 \u0e40\u0e2e\u0e1f\u0e27\u0e35\u0e48 \u0e42\u0e23\u0e40\u0e17\u0e0a\u0e31\u0e48\u0e19 \u0e04\u0e31\u0e25\u0e40\u0e25\u0e2d\u0e23\u0e4c\u0e23\u0e34\u0e48\u0e07 \u0e2d\u0e32\u0e22\u0e42\u0e1a\u0e23\u0e27\u0e4c[:us]KISSME Heavy Rotation Coloring Eyebrow EX[:vn]KISSME Heavy Rotation - Mascara Ch\u1ea3i \u0110\u1ed5i M\u00e0u L\u00f4ng M\u00e0y Ch\u1ed1ng Tr\u00f4i Si\u00eau B\u1ec1n[:id]KISS ME HEAVY ROTATION Coloring Browcara[:my]KISSME Heavy Rotation Coloring Eyebrow[:sg]KISSME Heavy Rotation Coloring Eyebrow EX[:ph]KISSME Heavy Rotation Coloring Eyebrow EX[:] - KISSME Philippines[:]","og_description":"[:th]\u0e04\u0e34\u0e49\u0e27\u0e2a\u0e27\u0e22\u0e2a\u0e35\u0e04\u0e21\u0e0a\u0e31\u0e14 \u0e40\u0e1e\u0e35\u0e22\u0e07\u0e1b\u0e31\u0e14\u0e41\u0e04\u0e48\u0e04\u0e23\u0e31\u0e49\u0e07\u0e40\u0e14\u0e35\u0e22\u0e27\u0e21\u0e32\u0e2a\u0e04\u0e32\u0e23\u0e48\u0e32\u0e04\u0e34\u0e49\u0e27 \u0e2a\u0e27\u0e22\u0e1f\u0e39\u0e14\u0e39\u0e40\u0e1b\u0e47\u0e19\u0e18\u0e23\u0e23\u0e21\u0e0a\u0e32\u0e15\u0e34\u0e04\u0e34\u0e2a\u0e21\u0e35 \u0e40\u0e2e\u0e1f\u0e27\u0e35\u0e48 \u0e42\u0e23\u0e40\u0e17\u0e0a\u0e31\u0e48\u0e19 \u0e04\u0e31\u0e25\u0e40\u0e25\u0e2d\u0e23\u0e4c\u0e23\u0e34\u0e48\u0e07 \u0e2d\u0e32\u0e22\u0e42\u0e1a\u0e23\u0e27\u0e4c \u0e17\u0e19\u0e17\u0e32\u0e19\u0e15\u0e48\u0e2d\u0e40\u0e2b\u0e07\u0e37\u0e48\u0e2d \u0e19\u0e49\u0e33 \u0e04\u0e27\u0e32\u0e21\u0e21\u0e31\u0e19 \u0e41\u0e25\u0e30\u0e01\u0e32\u0e23\u0e40\u0e2a\u0e35\u0e22\u0e14\u0e2a\u0e35[:us]Achieve stunning color with just one coat. Natural, Fluffy Eyebrow Mascara. Multi-proof Formula Resistant to Sweat, Water, Sebum and Rubbing. KISSME Heavy Rotation Coloring Eyebrow[:]","og_url":"https:\/\/www.isehangroup.com\/ph\/product\/coloring_eyebrow\/","og_site_name":"KISSME Philippines","article_modified_time":"2025-11-21T07:40:40+00:00","og_image":[{"width":760,"height":760,"url":"https:\/\/www.isehangroup.com\/wp-content\/uploads\/2024\/08\/HR_ceex_03.png","type":"image\/png"}],"twitter_card":"summary_large_image","twitter_misc":{"Est. reading time":"1 minute"},"schema":{"@context":"https:\/\/schema.org","@graph":[{"@type":"WebPage","@id":"https:\/\/www.isehangroup.com\/th\/product\/coloring_eyebrow\/","url":"https:\/\/www.isehangroup.com\/th\/product\/coloring_eyebrow\/","name":"KISSME Heavy Rotation Coloring Eyebrow EX","isPartOf":{"@id":"https:\/\/www.isehangroup.com\/#website"},"primaryImageOfPage":{"@id":"https:\/\/www.isehangroup.com\/th\/product\/coloring_eyebrow\/#primaryimage"},"image":{"@id":"https:\/\/www.isehangroup.com\/th\/product\/coloring_eyebrow\/#primaryimage"},"thumbnailUrl":"https:\/\/www.isehangroup.com\/wp-content\/uploads\/2024\/08\/HR_ceex_04.png","datePublished":"2025-02-02T02:53:10+00:00","dateModified":"2025-11-21T07:40:40+00:00","description":"","breadcrumb":{"@id":"https:\/\/www.isehangroup.com\/th\/product\/coloring_eyebrow\/#breadcrumb"},"inLanguage":"ph","potentialAction":[{"@type":"ReadAction","target":["https:\/\/www.isehangroup.com\/th\/product\/coloring_eyebrow\/"]}]},{"@type":"ImageObject","inLanguage":"ph","@id":"https:\/\/www.isehangroup.com\/th\/product\/coloring_eyebrow\/#primaryimage","url":"https:\/\/www.isehangroup.com\/wp-content\/uploads\/2024\/08\/HR_ceex_04.png","contentUrl":"https:\/\/www.isehangroup.com\/wp-content\/uploads\/2024\/08\/HR_ceex_04.png","width":760,"height":760},{"@type":"BreadcrumbList","@id":"https:\/\/www.isehangroup.com\/th\/product\/coloring_eyebrow\/#breadcrumb","itemListElement":[{"@type":"ListItem","position":1,"name":"Shop","item":"https:\/\/www.isehangroup.com\/th\/shop\/"},{"@type":"ListItem","position":2,"name":"\u0e04\u0e34\u0e2a\u0e21\u0e35 \u0e40\u0e2e\u0e1f\u0e27\u0e35\u0e48 \u0e42\u0e23\u0e40\u0e17\u0e0a\u0e31\u0e48\u0e19 \u0e04\u0e31\u0e25\u0e40\u0e25\u0e2d\u0e23\u0e4c\u0e23\u0e34\u0e48\u0e07 \u0e2d\u0e32\u0e22\u0e42\u0e1a\u0e23\u0e27\u0e4c"}]},{"@type":"WebSite","@id":"https:\/\/www.isehangroup.com\/#website","url":"https:\/\/www.isehangroup.com\/","name":"KISSME Thailand","description":"ISEHAN GROUP","publisher":{"@id":"https:\/\/www.isehangroup.com\/#organization"},"potentialAction":[{"@type":"SearchAction","target":{"@type":"EntryPoint","urlTemplate":"https:\/\/www.isehangroup.com\/?s={search_term_string}"},"query-input":{"@type":"PropertyValueSpecification","valueRequired":true,"valueName":"search_term_string"}}],"inLanguage":"ph"},{"@type":"Organization","@id":"https:\/\/www.isehangroup.com\/#organization","name":"ISEHAN GROUP","url":"https:\/\/www.isehangroup.com\/","logo":{"@type":"ImageObject","inLanguage":"ph","@id":"https:\/\/www.isehangroup.com\/#\/schema\/logo\/image\/","url":"https:\/\/www.isehangroup.com\/wp-content\/uploads\/2024\/08\/logo-kissme.png","contentUrl":"https:\/\/www.isehangroup.com\/wp-content\/uploads\/2024\/08\/logo-kissme.png","width":243,"height":50,"caption":"ISEHAN GROUP"},"image":{"@id":"https:\/\/www.isehangroup.com\/#\/schema\/logo\/image\/"}}]}},"_links":{"self":[{"href":"https:\/\/www.isehangroup.com\/ph\/wp-json\/wp\/v2\/product\/498"}],"collection":[{"href":"https:\/\/www.isehangroup.com\/ph\/wp-json\/wp\/v2\/product"}],"about":[{"href":"https:\/\/www.isehangroup.com\/ph\/wp-json\/wp\/v2\/types\/product"}],"wp:featuredmedia":[{"embeddable":true,"href":"https:\/\/www.isehangroup.com\/ph\/wp-json\/wp\/v2\/media\/1392"}],"wp:attachment":[{"href":"https:\/\/www.isehangroup.com\/ph\/wp-json\/wp\/v2\/media?parent=498"}],"wp:term":[{"taxonomy":"product_cat","embeddable":true,"href":"https:\/\/www.isehangroup.com\/ph\/wp-json\/wp\/v2\/product_cat?post=498"},{"taxonomy":"product_tag","embeddable":true,"href":"https:\/\/www.isehangroup.com\/ph\/wp-json\/wp\/v2\/product_tag?post=498"},{"taxonomy":"product-label","embeddable":true,"href":"https:\/\/www.isehangroup.com\/ph\/wp-json\/wp\/v2\/product-label?post=498"}],"curies":[{"name":"wp","href":"https:\/\/api.w.org\/{rel}","templated":true}]}}