{"id":132,"date":"2024-08-09T10:59:34","date_gmt":"2024-08-09T10:59:34","guid":{"rendered":"https:\/\/www-tmp.isehangroup.com\/?post_type=product&#038;p=132"},"modified":"2025-08-25T08:08:29","modified_gmt":"2025-08-25T08:08:29","slug":"curl-keep-mascara-base","status":"publish","type":"product","link":"https:\/\/www.isehangroup.com\/ph\/product\/curl-keep-mascara-base\/","title":{"rendered":"Heroine Make Curl Keep Mascara Base"},"content":{"rendered":"","protected":false},"excerpt":{"rendered":"<p>Mascara Base for further length, volume and curl<\/p>\n","protected":false},"featured_media":133,"template":"","meta":{"_acf_changed":false},"product_cat":[19],"product_tag":[24],"product-label":[],"class_list":{"0":"post-132","1":"product","2":"type-product","3":"status-publish","4":"has-post-thumbnail","6":"product_cat-heroinemake","7":"product_tag-mascara","9":"first","10":"instock","11":"shipping-taxable","12":"product-type-variable"},"acf":[],"yoast_head":"<!-- This site is optimized with the Yoast SEO plugin v23.9 - https:\/\/yoast.com\/wordpress\/plugins\/seo\/ -->\n<title>KISSME Philippines<\/title>\n<meta name=\"description\" content=\"\" \/>\n<meta name=\"robots\" content=\"index, follow, max-snippet:-1, max-image-preview:large, max-video-preview:-1\" \/>\n<link rel=\"canonical\" href=\"https:\/\/www.isehangroup.com\/ph\/product\/curl-keep-mascara-base\/\" \/>\n<meta property=\"og:locale\" content=\"en_US\" \/>\n<meta property=\"og:locale:alternate\" content=\"th\" \/>\n<meta property=\"og:locale:alternate\" content=\"us\" \/>\n<meta property=\"og:locale:alternate\" content=\"vn\" \/>\n<meta property=\"og:locale:alternate\" content=\"id\" \/>\n<meta property=\"og:locale:alternate\" content=\"my\" \/>\n<meta property=\"og:locale:alternate\" content=\"en_SG\" \/>\n<meta property=\"og:type\" content=\"article\" \/>\n<meta property=\"og:title\" content=\"\" \/>\n<meta property=\"og:description\" content=\"\" \/>\n<meta property=\"og:url\" content=\"https:\/\/www.isehangroup.com\/ph\/product\/curl-keep-mascara-base\/\" \/>\n<meta property=\"og:site_name\" content=\"KISSME Philippines\" \/>\n<meta property=\"article:modified_time\" content=\"2025-08-25T08:08:29+00:00\" \/>\n<meta property=\"og:image\" content=\"https:\/\/www.isehangroup.com\/wp-content\/uploads\/2024\/07\/hm08.jpg\" \/>\n\t<meta property=\"og:image:width\" content=\"760\" \/>\n\t<meta property=\"og:image:height\" content=\"760\" \/>\n\t<meta property=\"og:image:type\" content=\"image\/jpeg\" \/>\n<meta name=\"twitter:card\" content=\"summary_large_image\" \/>\n<meta name=\"twitter:label1\" content=\"Est. reading time\" \/>\n\t<meta name=\"twitter:data1\" content=\"1 minute\" \/>\n<script type=\"application\/ld+json\" class=\"yoast-schema-graph\">{\"@context\":\"https:\/\/schema.org\",\"@graph\":[{\"@type\":\"WebPage\",\"@id\":\"https:\/\/www.isehangroup.com\/ph\/product\/curl-keep-mascara-base\/\",\"url\":\"https:\/\/www.isehangroup.com\/ph\/product\/curl-keep-mascara-base\/\",\"name\":\"\",\"isPartOf\":{\"@id\":\"https:\/\/www.isehangroup.com\/#website\"},\"primaryImageOfPage\":{\"@id\":\"https:\/\/www.isehangroup.com\/ph\/product\/curl-keep-mascara-base\/#primaryimage\"},\"image\":{\"@id\":\"https:\/\/www.isehangroup.com\/ph\/product\/curl-keep-mascara-base\/#primaryimage\"},\"thumbnailUrl\":\"https:\/\/www.isehangroup.com\/wp-content\/uploads\/2024\/07\/hm08.jpg\",\"datePublished\":\"2024-08-09T10:59:34+00:00\",\"dateModified\":\"2025-08-25T08:08:29+00:00\",\"description\":\"\",\"breadcrumb\":{\"@id\":\"https:\/\/www.isehangroup.com\/ph\/product\/curl-keep-mascara-base\/#breadcrumb\"},\"inLanguage\":\"ph\",\"potentialAction\":[{\"@type\":\"ReadAction\",\"target\":[\"https:\/\/www.isehangroup.com\/ph\/product\/curl-keep-mascara-base\/\"]}]},{\"@type\":\"ImageObject\",\"inLanguage\":\"ph\",\"@id\":\"https:\/\/www.isehangroup.com\/ph\/product\/curl-keep-mascara-base\/#primaryimage\",\"url\":\"https:\/\/www.isehangroup.com\/wp-content\/uploads\/2024\/07\/hm08.jpg\",\"contentUrl\":\"https:\/\/www.isehangroup.com\/wp-content\/uploads\/2024\/07\/hm08.jpg\",\"width\":760,\"height\":760},{\"@type\":\"BreadcrumbList\",\"@id\":\"https:\/\/www.isehangroup.com\/ph\/product\/curl-keep-mascara-base\/#breadcrumb\",\"itemListElement\":[{\"@type\":\"ListItem\",\"position\":1,\"name\":\"Shop\",\"item\":\"https:\/\/www.isehangroup.com\/th\/shop\/\"},{\"@type\":\"ListItem\",\"position\":2,\"name\":\"Heroine Make Curl Keep Mascara Base\"}]},{\"@type\":\"WebSite\",\"@id\":\"https:\/\/www.isehangroup.com\/#website\",\"url\":\"https:\/\/www.isehangroup.com\/\",\"name\":\"KISSME Thailand\",\"description\":\"ISEHAN GROUP\",\"publisher\":{\"@id\":\"https:\/\/www.isehangroup.com\/#organization\"},\"potentialAction\":[{\"@type\":\"SearchAction\",\"target\":{\"@type\":\"EntryPoint\",\"urlTemplate\":\"https:\/\/www.isehangroup.com\/?s={search_term_string}\"},\"query-input\":{\"@type\":\"PropertyValueSpecification\",\"valueRequired\":true,\"valueName\":\"search_term_string\"}}],\"inLanguage\":\"ph\"},{\"@type\":\"Organization\",\"@id\":\"https:\/\/www.isehangroup.com\/#organization\",\"name\":\"ISEHAN GROUP\",\"url\":\"https:\/\/www.isehangroup.com\/\",\"logo\":{\"@type\":\"ImageObject\",\"inLanguage\":\"ph\",\"@id\":\"https:\/\/www.isehangroup.com\/#\/schema\/logo\/image\/\",\"url\":\"https:\/\/www.isehangroup.com\/wp-content\/uploads\/2024\/08\/logo-kissme.png\",\"contentUrl\":\"https:\/\/www.isehangroup.com\/wp-content\/uploads\/2024\/08\/logo-kissme.png\",\"width\":243,\"height\":50,\"caption\":\"ISEHAN GROUP\"},\"image\":{\"@id\":\"https:\/\/www.isehangroup.com\/#\/schema\/logo\/image\/\"}}]}<\/script>\n<!-- \/ Yoast SEO plugin. -->","yoast_head_json":{"title":"KISSME Philippines","description":"[:th]\u0e21\u0e32\u0e2a\u0e04\u0e32\u0e23\u0e48\u0e32\u0e40\u0e1a\u0e2a \u0e40\u0e1e\u0e37\u0e48\u0e2d\u0e02\u0e19\u0e15\u0e32\u0e22\u0e32\u0e27\u0e2a\u0e27\u0e22 \u0e14\u0e39\u0e2b\u0e19\u0e32 \u0e41\u0e25\u0e30\u0e42\u0e04\u0e49\u0e07\u0e07\u0e2d\u0e19 \u0e2e\u0e35\u0e42\u0e23\u0e2d\u0e35\u0e19 \u0e40\u0e21\u0e04 \u0e40\u0e04\u0e34\u0e23\u0e4c\u0e25 \u0e04\u0e35\u0e1e \u0e21\u0e32\u0e2a\u0e04\u0e32\u0e23\u0e48\u0e32 \u0e40\u0e1a\u0e2a \u0e17\u0e32\u0e40\u0e1e\u0e35\u0e22\u0e07\u0e04\u0e23\u0e31\u0e49\u0e07\u0e40\u0e14\u0e35\u0e22\u0e27\u0e01\u0e48\u0e2d\u0e19\u0e1b\u0e31\u0e14\u0e21\u0e32\u0e2a\u0e04\u0e32\u0e23\u0e48\u0e32\u0e40\u0e1e\u0e37\u0e48\u0e2d\u0e02\u0e19\u0e15\u0e32\u0e04\u0e07\u0e04\u0e27\u0e32\u0e21\u0e42\u0e04\u0e49\u0e07\u0e07\u0e2d\u0e19\u0e2d\u0e22\u0e39\u0e48\u0e17\u0e23\u0e07![:us]Mascara Base for further length, volume and curl! One coat for Long-Lasting Curl before applying mascara. Heroine Make Curl Keep Mascara Base[:]","robots":{"index":"index","follow":"follow","max-snippet":"max-snippet:-1","max-image-preview":"max-image-preview:large","max-video-preview":"max-video-preview:-1"},"canonical":"https:\/\/www.isehangroup.com\/ph\/product\/curl-keep-mascara-base\/","og_locale":"en_US","og_type":"article","og_title":"[:us]Heroine Make Curl Keep Mascara Base - KISSME Philippines[:vn]KISSME Heroine Make - Mascara L\u00f3t N\u1ec1n D\u1ea1ng N\u00e2ng Cao Ch\u1ed1ng Tr\u00f4i Si\u00eau B\u1ec1n, N\u00e2ng Cong, L\u00e0m D\u00e0i v\u00e0 R\u1eadm Mi 24h - KISSME Philippines[:]","og_description":"[:th]\u0e21\u0e32\u0e2a\u0e04\u0e32\u0e23\u0e48\u0e32\u0e40\u0e1a\u0e2a \u0e40\u0e1e\u0e37\u0e48\u0e2d\u0e02\u0e19\u0e15\u0e32\u0e22\u0e32\u0e27\u0e2a\u0e27\u0e22 \u0e14\u0e39\u0e2b\u0e19\u0e32 \u0e41\u0e25\u0e30\u0e42\u0e04\u0e49\u0e07\u0e07\u0e2d\u0e19 \u0e2e\u0e35\u0e42\u0e23\u0e2d\u0e35\u0e19 \u0e40\u0e21\u0e04 \u0e40\u0e04\u0e34\u0e23\u0e4c\u0e25 \u0e04\u0e35\u0e1e \u0e21\u0e32\u0e2a\u0e04\u0e32\u0e23\u0e48\u0e32 \u0e40\u0e1a\u0e2a \u0e17\u0e32\u0e40\u0e1e\u0e35\u0e22\u0e07\u0e04\u0e23\u0e31\u0e49\u0e07\u0e40\u0e14\u0e35\u0e22\u0e27\u0e01\u0e48\u0e2d\u0e19\u0e1b\u0e31\u0e14\u0e21\u0e32\u0e2a\u0e04\u0e32\u0e23\u0e48\u0e32\u0e40\u0e1e\u0e37\u0e48\u0e2d\u0e02\u0e19\u0e15\u0e32\u0e04\u0e07\u0e04\u0e27\u0e32\u0e21\u0e42\u0e04\u0e49\u0e07\u0e07\u0e2d\u0e19\u0e2d\u0e22\u0e39\u0e48\u0e17\u0e23\u0e07![:us]Mascara Base for further length, volume and curl! One coat for Long-Lasting Curl before applying mascara. Heroine Make Curl Keep Mascara Base[:]","og_url":"https:\/\/www.isehangroup.com\/ph\/product\/curl-keep-mascara-base\/","og_site_name":"KISSME Philippines","article_modified_time":"2025-08-25T08:08:29+00:00","og_image":[{"width":760,"height":760,"url":"https:\/\/www.isehangroup.com\/wp-content\/uploads\/2024\/07\/hm08.jpg","type":"image\/jpeg"}],"twitter_card":"summary_large_image","twitter_misc":{"Est. reading time":"1 minute"},"schema":{"@context":"https:\/\/schema.org","@graph":[{"@type":"WebPage","@id":"https:\/\/www.isehangroup.com\/ph\/product\/curl-keep-mascara-base\/","url":"https:\/\/www.isehangroup.com\/ph\/product\/curl-keep-mascara-base\/","name":"","isPartOf":{"@id":"https:\/\/www.isehangroup.com\/#website"},"primaryImageOfPage":{"@id":"https:\/\/www.isehangroup.com\/ph\/product\/curl-keep-mascara-base\/#primaryimage"},"image":{"@id":"https:\/\/www.isehangroup.com\/ph\/product\/curl-keep-mascara-base\/#primaryimage"},"thumbnailUrl":"https:\/\/www.isehangroup.com\/wp-content\/uploads\/2024\/07\/hm08.jpg","datePublished":"2024-08-09T10:59:34+00:00","dateModified":"2025-08-25T08:08:29+00:00","description":"","breadcrumb":{"@id":"https:\/\/www.isehangroup.com\/ph\/product\/curl-keep-mascara-base\/#breadcrumb"},"inLanguage":"ph","potentialAction":[{"@type":"ReadAction","target":["https:\/\/www.isehangroup.com\/ph\/product\/curl-keep-mascara-base\/"]}]},{"@type":"ImageObject","inLanguage":"ph","@id":"https:\/\/www.isehangroup.com\/ph\/product\/curl-keep-mascara-base\/#primaryimage","url":"https:\/\/www.isehangroup.com\/wp-content\/uploads\/2024\/07\/hm08.jpg","contentUrl":"https:\/\/www.isehangroup.com\/wp-content\/uploads\/2024\/07\/hm08.jpg","width":760,"height":760},{"@type":"BreadcrumbList","@id":"https:\/\/www.isehangroup.com\/ph\/product\/curl-keep-mascara-base\/#breadcrumb","itemListElement":[{"@type":"ListItem","position":1,"name":"Shop","item":"https:\/\/www.isehangroup.com\/th\/shop\/"},{"@type":"ListItem","position":2,"name":"Heroine Make Curl Keep Mascara Base"}]},{"@type":"WebSite","@id":"https:\/\/www.isehangroup.com\/#website","url":"https:\/\/www.isehangroup.com\/","name":"KISSME Thailand","description":"ISEHAN GROUP","publisher":{"@id":"https:\/\/www.isehangroup.com\/#organization"},"potentialAction":[{"@type":"SearchAction","target":{"@type":"EntryPoint","urlTemplate":"https:\/\/www.isehangroup.com\/?s={search_term_string}"},"query-input":{"@type":"PropertyValueSpecification","valueRequired":true,"valueName":"search_term_string"}}],"inLanguage":"ph"},{"@type":"Organization","@id":"https:\/\/www.isehangroup.com\/#organization","name":"ISEHAN GROUP","url":"https:\/\/www.isehangroup.com\/","logo":{"@type":"ImageObject","inLanguage":"ph","@id":"https:\/\/www.isehangroup.com\/#\/schema\/logo\/image\/","url":"https:\/\/www.isehangroup.com\/wp-content\/uploads\/2024\/08\/logo-kissme.png","contentUrl":"https:\/\/www.isehangroup.com\/wp-content\/uploads\/2024\/08\/logo-kissme.png","width":243,"height":50,"caption":"ISEHAN GROUP"},"image":{"@id":"https:\/\/www.isehangroup.com\/#\/schema\/logo\/image\/"}}]}},"_links":{"self":[{"href":"https:\/\/www.isehangroup.com\/ph\/wp-json\/wp\/v2\/product\/132"}],"collection":[{"href":"https:\/\/www.isehangroup.com\/ph\/wp-json\/wp\/v2\/product"}],"about":[{"href":"https:\/\/www.isehangroup.com\/ph\/wp-json\/wp\/v2\/types\/product"}],"wp:featuredmedia":[{"embeddable":true,"href":"https:\/\/www.isehangroup.com\/ph\/wp-json\/wp\/v2\/media\/133"}],"wp:attachment":[{"href":"https:\/\/www.isehangroup.com\/ph\/wp-json\/wp\/v2\/media?parent=132"}],"wp:term":[{"taxonomy":"product_cat","embeddable":true,"href":"https:\/\/www.isehangroup.com\/ph\/wp-json\/wp\/v2\/product_cat?post=132"},{"taxonomy":"product_tag","embeddable":true,"href":"https:\/\/www.isehangroup.com\/ph\/wp-json\/wp\/v2\/product_tag?post=132"},{"taxonomy":"product-label","embeddable":true,"href":"https:\/\/www.isehangroup.com\/ph\/wp-json\/wp\/v2\/product-label?post=132"}],"curies":[{"name":"wp","href":"https:\/\/api.w.org\/{rel}","templated":true}]}}