{"id":1246,"date":"2025-01-15T05:54:22","date_gmt":"2025-01-15T05:54:22","guid":{"rendered":"https:\/\/www.isehangroup.com\/vn\/?post_type=product&#038;p=1246"},"modified":"2025-08-27T03:58:51","modified_gmt":"2025-08-27T03:58:51","slug":"puchimochi-lip-scrub","status":"publish","type":"product","link":"https:\/\/www.isehangroup.com\/my\/product\/puchimochi-lip-scrub\/","title":{"rendered":"KISSME Puchi Mochi Lip Scrub"},"content":{"rendered":"","protected":false},"excerpt":{"rendered":"<p>Reveal your smoothest lips yet!<\/p>\n","protected":false},"featured_media":1381,"template":"","meta":{"_acf_changed":false},"product_cat":[77],"product_tag":[89],"product-label":[49],"class_list":{"0":"post-1246","1":"product","2":"type-product","3":"status-publish","4":"has-post-thumbnail","6":"product_cat-kissme","7":"product_tag-lip-scrub","8":"product-label-new","10":"first","11":"instock","12":"featured","13":"shipping-taxable","14":"product-type-simple"},"acf":[],"yoast_head":"<!-- This site is optimized with the Yoast SEO plugin v23.9 - https:\/\/yoast.com\/wordpress\/plugins\/seo\/ -->\n<title>KISSME Puchi Mochi Lip Scrub<\/title>\n<meta name=\"description\" content=\"\" \/>\n<meta name=\"robots\" content=\"index, follow, max-snippet:-1, max-image-preview:large, max-video-preview:-1\" \/>\n<link rel=\"canonical\" href=\"https:\/\/www.isehangroup.com\/my\/product\/puchimochi-lip-scrub\/\" \/>\n<meta property=\"og:locale\" content=\"en_US\" \/>\n<meta property=\"og:locale:alternate\" content=\"th\" \/>\n<meta property=\"og:locale:alternate\" content=\"us\" \/>\n<meta property=\"og:locale:alternate\" content=\"vn\" \/>\n<meta property=\"og:locale:alternate\" content=\"id\" \/>\n<meta property=\"og:locale:alternate\" content=\"en_SG\" \/>\n<meta property=\"og:locale:alternate\" content=\"ph\" \/>\n<meta property=\"og:type\" content=\"article\" \/>\n<meta property=\"og:title\" content=\"KISSME Puchi Mochi Lip Scrub\" \/>\n<meta property=\"og:description\" content=\"\" \/>\n<meta property=\"og:url\" content=\"https:\/\/www.isehangroup.com\/my\/product\/puchimochi-lip-scrub\/\" \/>\n<meta property=\"og:site_name\" content=\"KISSME Malaysia\" \/>\n<meta property=\"article:modified_time\" content=\"2025-08-27T03:58:51+00:00\" \/>\n<meta property=\"og:image\" content=\"https:\/\/www.isehangroup.com\/wp-content\/uploads\/2025\/01\/puchimochi_ripscrub.jpg\" \/>\n\t<meta property=\"og:image:width\" content=\"760\" \/>\n\t<meta property=\"og:image:height\" content=\"760\" \/>\n\t<meta property=\"og:image:type\" content=\"image\/jpeg\" \/>\n<meta name=\"twitter:card\" content=\"summary_large_image\" \/>\n<meta name=\"twitter:label1\" content=\"Est. reading time\" \/>\n\t<meta name=\"twitter:data1\" content=\"1 minit\" \/>\n<script type=\"application\/ld+json\" class=\"yoast-schema-graph\">{\"@context\":\"https:\/\/schema.org\",\"@graph\":[{\"@type\":\"WebPage\",\"@id\":\"https:\/\/www.isehangroup.com\/sg\/product\/puchimochi-lip-scrub\/\",\"url\":\"https:\/\/www.isehangroup.com\/sg\/product\/puchimochi-lip-scrub\/\",\"name\":\"KISSME Puchi Mochi Lip Scrub\",\"isPartOf\":{\"@id\":\"https:\/\/www.isehangroup.com\/#website\"},\"primaryImageOfPage\":{\"@id\":\"https:\/\/www.isehangroup.com\/sg\/product\/puchimochi-lip-scrub\/#primaryimage\"},\"image\":{\"@id\":\"https:\/\/www.isehangroup.com\/sg\/product\/puchimochi-lip-scrub\/#primaryimage\"},\"thumbnailUrl\":\"https:\/\/www.isehangroup.com\/wp-content\/uploads\/2025\/01\/puchimochi_ripscrub.png\",\"datePublished\":\"2025-01-15T05:54:22+00:00\",\"dateModified\":\"2025-08-27T03:58:51+00:00\",\"description\":\"\",\"breadcrumb\":{\"@id\":\"https:\/\/www.isehangroup.com\/sg\/product\/puchimochi-lip-scrub\/#breadcrumb\"},\"inLanguage\":\"my\",\"potentialAction\":[{\"@type\":\"ReadAction\",\"target\":[\"https:\/\/www.isehangroup.com\/sg\/product\/puchimochi-lip-scrub\/\"]}]},{\"@type\":\"ImageObject\",\"inLanguage\":\"my\",\"@id\":\"https:\/\/www.isehangroup.com\/sg\/product\/puchimochi-lip-scrub\/#primaryimage\",\"url\":\"https:\/\/www.isehangroup.com\/wp-content\/uploads\/2025\/01\/puchimochi_ripscrub.png\",\"contentUrl\":\"https:\/\/www.isehangroup.com\/wp-content\/uploads\/2025\/01\/puchimochi_ripscrub.png\",\"width\":760,\"height\":760},{\"@type\":\"BreadcrumbList\",\"@id\":\"https:\/\/www.isehangroup.com\/sg\/product\/puchimochi-lip-scrub\/#breadcrumb\",\"itemListElement\":[{\"@type\":\"ListItem\",\"position\":1,\"name\":\"Shop\",\"item\":\"https:\/\/www.isehangroup.com\/th\/shop\/\"},{\"@type\":\"ListItem\",\"position\":2,\"name\":\"KISSME Puchi Mochi Lip Scrub\"}]},{\"@type\":\"WebSite\",\"@id\":\"https:\/\/www.isehangroup.com\/#website\",\"url\":\"https:\/\/www.isehangroup.com\/\",\"name\":\"KISSME Thailand\",\"description\":\"ISEHAN GROUP\",\"publisher\":{\"@id\":\"https:\/\/www.isehangroup.com\/#organization\"},\"potentialAction\":[{\"@type\":\"SearchAction\",\"target\":{\"@type\":\"EntryPoint\",\"urlTemplate\":\"https:\/\/www.isehangroup.com\/?s={search_term_string}\"},\"query-input\":{\"@type\":\"PropertyValueSpecification\",\"valueRequired\":true,\"valueName\":\"search_term_string\"}}],\"inLanguage\":\"my\"},{\"@type\":\"Organization\",\"@id\":\"https:\/\/www.isehangroup.com\/#organization\",\"name\":\"ISEHAN GROUP\",\"url\":\"https:\/\/www.isehangroup.com\/\",\"logo\":{\"@type\":\"ImageObject\",\"inLanguage\":\"my\",\"@id\":\"https:\/\/www.isehangroup.com\/#\/schema\/logo\/image\/\",\"url\":\"https:\/\/www.isehangroup.com\/wp-content\/uploads\/2024\/08\/logo-kissme.png\",\"contentUrl\":\"https:\/\/www.isehangroup.com\/wp-content\/uploads\/2024\/08\/logo-kissme.png\",\"width\":243,\"height\":50,\"caption\":\"ISEHAN GROUP\"},\"image\":{\"@id\":\"https:\/\/www.isehangroup.com\/#\/schema\/logo\/image\/\"}}]}<\/script>\n<!-- \/ Yoast SEO plugin. -->","yoast_head_json":{"title":"KISSME Puchi Mochi Lip Scrub","description":"[:vn]Kem t\u1ea9y t\u1ebf b\u00e0o ch\u1ebft cho m\u00f4i ch\u1ee9a nh\u1eefng h\u1ea1t massage li ti nh\u1eb9 nh\u00e0ng l\u1ea5y \u0111i t\u1ebf b\u00e0o s\u1eebng gi\u00e0 c\u1ed7i tr\u00ean m\u00f4i, t\u0103ng kh\u1ea3 n\u0103ng h\u1ea5p th\u1ee5 d\u01b0\u1ee1ng ch\u1ea5t cho m\u00f4i. Ngo\u00e0i ra ch\u1ee9a th\u00e0nh ph\u1ea7n B\u01a0 H\u1ea0T M\u1ee0, D\u1ea6U JOJOBA, SODIUM HYALURONATE, COLLAGEN,.. gi\u00fap d\u01b0\u1ee1ng \u1ea9m, ng\u0103n ng\u1eeba bong tr\u00f3c, h\u1ea1n ch\u1ebf t\u00ecnh tr\u1ea1ng th\u00e2m s\u1ea1m v\u00e0 x\u1ec9n m\u00e0u cho \u0111\u00f4i m\u00f4i tr\u1edf n\u00ean m\u1ec1m m\u1ecbn, h\u1ed3ng h\u00e0o v\u00e0 c\u0103ng m\u1ecdng.[:]","robots":{"index":"index","follow":"follow","max-snippet":"max-snippet:-1","max-image-preview":"max-image-preview:large","max-video-preview":"max-video-preview:-1"},"canonical":"https:\/\/www.isehangroup.com\/my\/product\/puchimochi-lip-scrub\/","og_locale":"en_US","og_type":"article","og_title":"[:th]AUTO-DRAFT[:us]Puchi Mochi Lip Scrub[:vn]Kem T\u1ea9y T\u1ebf B\u00e0o Da Ch\u1ebft Cho M\u00f4i Kissme[:my]KISSME Puchi Mochi Lip Scrub[:sg]KISSME Puchi Mochi Lip Scrub[:ph]KISSME Puchi Mochi Lip Scrub[:] - KISSME Malaysia","og_description":"[:vn]Kem t\u1ea9y t\u1ebf b\u00e0o ch\u1ebft cho m\u00f4i ch\u1ee9a nh\u1eefng h\u1ea1t massage li ti nh\u1eb9 nh\u00e0ng l\u1ea5y \u0111i t\u1ebf b\u00e0o s\u1eebng gi\u00e0 c\u1ed7i tr\u00ean m\u00f4i, t\u0103ng kh\u1ea3 n\u0103ng h\u1ea5p th\u1ee5 d\u01b0\u1ee1ng ch\u1ea5t cho m\u00f4i. Ngo\u00e0i ra ch\u1ee9a th\u00e0nh ph\u1ea7n B\u01a0 H\u1ea0T M\u1ee0, D\u1ea6U JOJOBA, SODIUM HYALURONATE, COLLAGEN,.. gi\u00fap d\u01b0\u1ee1ng \u1ea9m, ng\u0103n ng\u1eeba bong tr\u00f3c, h\u1ea1n ch\u1ebf t\u00ecnh tr\u1ea1ng th\u00e2m s\u1ea1m v\u00e0 x\u1ec9n m\u00e0u cho \u0111\u00f4i m\u00f4i tr\u1edf n\u00ean m\u1ec1m m\u1ecbn, h\u1ed3ng h\u00e0o v\u00e0 c\u0103ng m\u1ecdng.[:]","og_url":"https:\/\/www.isehangroup.com\/my\/product\/puchimochi-lip-scrub\/","og_site_name":"KISSME Malaysia","article_modified_time":"2025-08-27T03:58:51+00:00","og_image":[{"width":760,"height":760,"url":"https:\/\/www.isehangroup.com\/wp-content\/uploads\/2025\/01\/puchimochi_ripscrub.jpg","type":"image\/jpeg"}],"twitter_card":"summary_large_image","twitter_misc":{"Est. reading time":"1 minit"},"schema":{"@context":"https:\/\/schema.org","@graph":[{"@type":"WebPage","@id":"https:\/\/www.isehangroup.com\/sg\/product\/puchimochi-lip-scrub\/","url":"https:\/\/www.isehangroup.com\/sg\/product\/puchimochi-lip-scrub\/","name":"KISSME Puchi Mochi Lip Scrub","isPartOf":{"@id":"https:\/\/www.isehangroup.com\/#website"},"primaryImageOfPage":{"@id":"https:\/\/www.isehangroup.com\/sg\/product\/puchimochi-lip-scrub\/#primaryimage"},"image":{"@id":"https:\/\/www.isehangroup.com\/sg\/product\/puchimochi-lip-scrub\/#primaryimage"},"thumbnailUrl":"https:\/\/www.isehangroup.com\/wp-content\/uploads\/2025\/01\/puchimochi_ripscrub.png","datePublished":"2025-01-15T05:54:22+00:00","dateModified":"2025-08-27T03:58:51+00:00","description":"","breadcrumb":{"@id":"https:\/\/www.isehangroup.com\/sg\/product\/puchimochi-lip-scrub\/#breadcrumb"},"inLanguage":"my","potentialAction":[{"@type":"ReadAction","target":["https:\/\/www.isehangroup.com\/sg\/product\/puchimochi-lip-scrub\/"]}]},{"@type":"ImageObject","inLanguage":"my","@id":"https:\/\/www.isehangroup.com\/sg\/product\/puchimochi-lip-scrub\/#primaryimage","url":"https:\/\/www.isehangroup.com\/wp-content\/uploads\/2025\/01\/puchimochi_ripscrub.png","contentUrl":"https:\/\/www.isehangroup.com\/wp-content\/uploads\/2025\/01\/puchimochi_ripscrub.png","width":760,"height":760},{"@type":"BreadcrumbList","@id":"https:\/\/www.isehangroup.com\/sg\/product\/puchimochi-lip-scrub\/#breadcrumb","itemListElement":[{"@type":"ListItem","position":1,"name":"Shop","item":"https:\/\/www.isehangroup.com\/th\/shop\/"},{"@type":"ListItem","position":2,"name":"KISSME Puchi Mochi Lip Scrub"}]},{"@type":"WebSite","@id":"https:\/\/www.isehangroup.com\/#website","url":"https:\/\/www.isehangroup.com\/","name":"KISSME Thailand","description":"ISEHAN GROUP","publisher":{"@id":"https:\/\/www.isehangroup.com\/#organization"},"potentialAction":[{"@type":"SearchAction","target":{"@type":"EntryPoint","urlTemplate":"https:\/\/www.isehangroup.com\/?s={search_term_string}"},"query-input":{"@type":"PropertyValueSpecification","valueRequired":true,"valueName":"search_term_string"}}],"inLanguage":"my"},{"@type":"Organization","@id":"https:\/\/www.isehangroup.com\/#organization","name":"ISEHAN GROUP","url":"https:\/\/www.isehangroup.com\/","logo":{"@type":"ImageObject","inLanguage":"my","@id":"https:\/\/www.isehangroup.com\/#\/schema\/logo\/image\/","url":"https:\/\/www.isehangroup.com\/wp-content\/uploads\/2024\/08\/logo-kissme.png","contentUrl":"https:\/\/www.isehangroup.com\/wp-content\/uploads\/2024\/08\/logo-kissme.png","width":243,"height":50,"caption":"ISEHAN GROUP"},"image":{"@id":"https:\/\/www.isehangroup.com\/#\/schema\/logo\/image\/"}}]}},"_links":{"self":[{"href":"https:\/\/www.isehangroup.com\/my\/wp-json\/wp\/v2\/product\/1246"}],"collection":[{"href":"https:\/\/www.isehangroup.com\/my\/wp-json\/wp\/v2\/product"}],"about":[{"href":"https:\/\/www.isehangroup.com\/my\/wp-json\/wp\/v2\/types\/product"}],"wp:featuredmedia":[{"embeddable":true,"href":"https:\/\/www.isehangroup.com\/my\/wp-json\/wp\/v2\/media\/1381"}],"wp:attachment":[{"href":"https:\/\/www.isehangroup.com\/my\/wp-json\/wp\/v2\/media?parent=1246"}],"wp:term":[{"taxonomy":"product_cat","embeddable":true,"href":"https:\/\/www.isehangroup.com\/my\/wp-json\/wp\/v2\/product_cat?post=1246"},{"taxonomy":"product_tag","embeddable":true,"href":"https:\/\/www.isehangroup.com\/my\/wp-json\/wp\/v2\/product_tag?post=1246"},{"taxonomy":"product-label","embeddable":true,"href":"https:\/\/www.isehangroup.com\/my\/wp-json\/wp\/v2\/product-label?post=1246"}],"curies":[{"name":"wp","href":"https:\/\/api.w.org\/{rel}","templated":true}]}}